{"id":691,"date":"2024-07-05T18:06:02","date_gmt":"2024-07-05T16:06:02","guid":{"rendered":"https:\/\/www.institut-rive-droite.com\/boutique\/?post_type=product&#038;p=691"},"modified":"2024-07-06T13:10:06","modified_gmt":"2024-07-06T11:10:06","slug":"bon-cadeau-le-soin-du-visage-tradition-de-chez-mansard-1h","status":"publish","type":"product","link":"https:\/\/www.institut-rive-droite.com\/boutique\/bons-cadeaux\/bon-cadeau-le-soin-du-visage-tradition-de-chez-mansard-1h\/","title":{"rendered":"Bon cadeau le soin du visage Tradition de chez Mansard (1h)"},"content":{"rendered":"<p>[et_pb_section fb_built=\u00a0\u00bb1&Prime; _builder_version=\u00a0\u00bb4.24.2&Prime; background_color=\u00a0\u00bbRGBA(255,255,255,0)\u00a0\u00bb custom_padding=\u00a0\u00bb0px||||false|false\u00a0\u00bb global_colors_info=\u00a0\u00bb{}\u00a0\u00bb][et_pb_row _builder_version=\u00a0\u00bb4.16&Prime; background_size=\u00a0\u00bbinitial\u00a0\u00bb background_position=\u00a0\u00bbtop_left\u00a0\u00bb background_repeat=\u00a0\u00bbrepeat\u00a0\u00bb width=\u00a0\u00bb100%\u00a0\u00bb custom_padding=\u00a0\u00bb0px||0px||false|false\u00a0\u00bb global_colors_info=\u00a0\u00bb{}\u00a0\u00bb][et_pb_column type=\u00a0\u00bb4_4&Prime; _builder_version=\u00a0\u00bb4.16&Prime; custom_padding=\u00a0\u00bb|||\u00a0\u00bb global_colors_info=\u00a0\u00bb{}\u00a0\u00bb custom_padding__hover=\u00a0\u00bb|||\u00a0\u00bb][et_pb_wc_breadcrumb _builder_version=\u00a0\u00bb4.16&Prime; global_colors_info=\u00a0\u00bb{}\u00a0\u00bb][\/et_pb_wc_breadcrumb][et_pb_wc_cart_notice _builder_version=\u00a0\u00bb4.16&Prime; global_colors_info=\u00a0\u00bb{}\u00a0\u00bb][\/et_pb_wc_cart_notice][\/et_pb_column][\/et_pb_row][et_pb_row column_structure=\u00a0\u00bb1_2,1_2&Prime; _builder_version=\u00a0\u00bb4.16&Prime; background_size=\u00a0\u00bbinitial\u00a0\u00bb background_position=\u00a0\u00bbtop_left\u00a0\u00bb background_repeat=\u00a0\u00bbrepeat\u00a0\u00bb width=\u00a0\u00bb100%\u00a0\u00bb custom_padding=\u00a0\u00bb0px||||false|false\u00a0\u00bb global_colors_info=\u00a0\u00bb{}\u00a0\u00bb][et_pb_column type=\u00a0\u00bb1_2&Prime; _builder_version=\u00a0\u00bb4.16&Prime; custom_padding=\u00a0\u00bb|||\u00a0\u00bb global_colors_info=\u00a0\u00bb{}\u00a0\u00bb custom_padding__hover=\u00a0\u00bb|||\u00a0\u00bb][et_pb_wc_images _builder_version=\u00a0\u00bb4.16&Prime; global_colors_info=\u00a0\u00bb{}\u00a0\u00bb][\/et_pb_wc_images][\/et_pb_column][et_pb_column type=\u00a0\u00bb1_2&Prime; _builder_version=\u00a0\u00bb4.16&Prime; custom_padding=\u00a0\u00bb|||\u00a0\u00bb global_colors_info=\u00a0\u00bb{}\u00a0\u00bb custom_padding__hover=\u00a0\u00bb|||\u00a0\u00bb][et_pb_wc_title _builder_version=\u00a0\u00bb4.16&Prime; global_colors_info=\u00a0\u00bb{}\u00a0\u00bb][\/et_pb_wc_title][et_pb_wc_rating _builder_version=\u00a0\u00bb4.16&Prime; global_colors_info=\u00a0\u00bb{}\u00a0\u00bb][\/et_pb_wc_rating][et_pb_wc_price _builder_version=\u00a0\u00bb4.16&Prime; global_colors_info=\u00a0\u00bb{}\u00a0\u00bb][\/et_pb_wc_price][et_pb_wc_description _builder_version=\u00a0\u00bb4.16&Prime; global_colors_info=\u00a0\u00bb{}\u00a0\u00bb][\/et_pb_wc_description][et_pb_wc_add_to_cart _builder_version=\u00a0\u00bb4.16&Prime; global_colors_info=\u00a0\u00bb{}\u00a0\u00bb][\/et_pb_wc_add_to_cart][et_pb_wc_meta _builder_version=\u00a0\u00bb4.16&Prime; global_colors_info=\u00a0\u00bb{}\u00a0\u00bb][\/et_pb_wc_meta][\/et_pb_column][\/et_pb_row][et_pb_row _builder_version=\u00a0\u00bb4.24.2&Prime; background_color=\u00a0\u00bbRGBA(255,255,255,0)\u00a0\u00bb background_size=\u00a0\u00bbinitial\u00a0\u00bb background_position=\u00a0\u00bbtop_left\u00a0\u00bb background_repeat=\u00a0\u00bbrepeat\u00a0\u00bb width=\u00a0\u00bb100%\u00a0\u00bb global_colors_info=\u00a0\u00bb{}\u00a0\u00bb][et_pb_column type=\u00a0\u00bb4_4&Prime; _builder_version=\u00a0\u00bb4.16&Prime; custom_padding=\u00a0\u00bb|||\u00a0\u00bb global_colors_info=\u00a0\u00bb{}\u00a0\u00bb custom_padding__hover=\u00a0\u00bb|||\u00a0\u00bb][et_pb_wc_upsells _builder_version=\u00a0\u00bb4.16&Prime; global_colors_info=\u00a0\u00bb{}\u00a0\u00bb][\/et_pb_wc_upsells][et_pb_wc_related_products _builder_version=\u00a0\u00bb4.24.2&Prime; product_title_font_size=\u00a0\u00bb16px\u00a0\u00bb custom_margin=\u00a0\u00bb40px||||false|false\u00a0\u00bb global_colors_info=\u00a0\u00bb{}\u00a0\u00bb][\/et_pb_wc_related_products][\/et_pb_column][\/et_pb_row][\/et_pb_section]<\/p>\n","protected":false},"excerpt":{"rendered":"<p>Le soin du visage \u00ab Tradition\u00ab \u00a0des Laboratoires Mansard sont adapt\u00e9s \u00e0 tous les types de peaux. Ce soin est 100% manuel et comprend :<br \/>\n&#8211; un d\u00e9maquillage (on enl\u00e8ve les impuret\u00e9s ext\u00e9rieurs)<br \/>\n&#8211; un gommage (en fonction de votre type de peau)<br \/>\n&#8211; un modelage du visage et du d\u00e9collet\u00e9<br \/>\n&#8211; un masque (adapt\u00e9 \u00e0 votre type de peau du moment)<br \/>\nPendant la pose du masque, nous restons en cabine et effectuons un massage du cuir chevelu pour encore plus de d\u00e9tente !!<\/p>\n<p><strong style=\"color: #963f88;\">R\u00e9sultat du soin<\/strong><\/p>\n<ul class=\"liste-papillon\">\n<li>Corrige les signes de l&rsquo;\u00e2ge<\/li>\n<li>Hydrate durablement<\/li>\n<li>Augmente la luminosit\u00e9 du teint<\/li>\n<li>Pr\u00e9voir 60 minutes<\/li>\n<\/ul>\n","protected":false},"featured_media":617,"template":"","meta":{"_et_pb_use_builder":"on","_et_pb_old_content":"","_et_gb_content_width":""},"product_brand":[],"product_cat":[23,25],"product_tag":[],"class_list":{"0":"post-691","1":"product","2":"type-product","3":"status-publish","4":"has-post-thumbnail","6":"product_cat-bons-cadeaux","7":"product_cat-soins-du-visage","9":"first","10":"instock","11":"shipping-taxable","12":"purchasable","13":"product-type-simple"},"yoast_head":"<!-- This site is optimized with the Yoast SEO plugin v27.2 - https:\/\/yoast.com\/product\/yoast-seo-wordpress\/ -->\n<title>Bon cadeau le soin du visage Tradition de chez Mansard (1h) - Boutique en ligne de l&#039;institut rive droite<\/title>\n<meta name=\"robots\" content=\"index, follow, max-snippet:-1, max-image-preview:large, max-video-preview:-1\" \/>\n<link rel=\"canonical\" href=\"https:\/\/www.institut-rive-droite.com\/boutique\/bons-cadeaux\/bon-cadeau-le-soin-du-visage-tradition-de-chez-mansard-1h\/\" \/>\n<meta property=\"og:locale\" content=\"fr_FR\" \/>\n<meta property=\"og:type\" content=\"article\" \/>\n<meta property=\"og:title\" content=\"Bon cadeau le soin du visage Tradition de chez Mansard (1h) - Boutique en ligne de l&#039;institut rive droite\" \/>\n<meta property=\"og:description\" content=\"Le soin du visage \u00ab Tradition\u00ab \u00a0des Laboratoires Mansard sont adapt\u00e9s \u00e0 tous les types de peaux. Ce soin est 100% manuel et comprend : - un d\u00e9maquillage (on enl\u00e8ve les impuret\u00e9s ext\u00e9rieurs) - un gommage (en fonction de votre type de peau) - un modelage du visage et du d\u00e9collet\u00e9 - un masque (adapt\u00e9 \u00e0 votre type de peau du moment) Pendant la pose du masque, nous restons en cabine et effectuons un massage du cuir chevelu pour encore plus de d\u00e9tente !!  R\u00e9sultat du soin   Corrige les signes de l&#039;\u00e2ge  Hydrate durablement  Augmente la luminosit\u00e9 du teint  Pr\u00e9voir 60 minutes\" \/>\n<meta property=\"og:url\" content=\"https:\/\/www.institut-rive-droite.com\/boutique\/bons-cadeaux\/bon-cadeau-le-soin-du-visage-tradition-de-chez-mansard-1h\/\" \/>\n<meta property=\"og:site_name\" content=\"Boutique en ligne de l&#039;institut rive droite\" \/>\n<meta property=\"article:modified_time\" content=\"2024-07-06T11:10:06+00:00\" \/>\n<meta property=\"og:image\" content=\"https:\/\/www.institut-rive-droite.com\/boutique\/wp-content\/uploads\/sites\/7\/2024\/04\/soin-immortelle-des-neiges.jpg\" \/>\n\t<meta property=\"og:image:width\" content=\"860\" \/>\n\t<meta property=\"og:image:height\" content=\"1200\" \/>\n\t<meta property=\"og:image:type\" content=\"image\/jpeg\" \/>\n<meta name=\"twitter:card\" content=\"summary_large_image\" \/>\n<meta name=\"twitter:label1\" content=\"Dur\u00e9e de lecture estim\u00e9e\" \/>\n\t<meta name=\"twitter:data1\" content=\"2 minutes\" \/>\n<script type=\"application\/ld+json\" class=\"yoast-schema-graph\">{\"@context\":\"https:\/\/schema.org\",\"@graph\":[{\"@type\":\"WebPage\",\"@id\":\"https:\/\/www.institut-rive-droite.com\/boutique\/bons-cadeaux\/bon-cadeau-le-soin-du-visage-tradition-de-chez-mansard-1h\/\",\"url\":\"https:\/\/www.institut-rive-droite.com\/boutique\/bons-cadeaux\/bon-cadeau-le-soin-du-visage-tradition-de-chez-mansard-1h\/\",\"name\":\"Bon cadeau le soin du visage Tradition de chez Mansard (1h) - Boutique en ligne de l&#039;institut rive droite\",\"isPartOf\":{\"@id\":\"https:\/\/www.institut-rive-droite.com\/boutique\/#website\"},\"primaryImageOfPage\":{\"@id\":\"https:\/\/www.institut-rive-droite.com\/boutique\/bons-cadeaux\/bon-cadeau-le-soin-du-visage-tradition-de-chez-mansard-1h\/#primaryimage\"},\"image\":{\"@id\":\"https:\/\/www.institut-rive-droite.com\/boutique\/bons-cadeaux\/bon-cadeau-le-soin-du-visage-tradition-de-chez-mansard-1h\/#primaryimage\"},\"thumbnailUrl\":\"https:\/\/www.institut-rive-droite.com\/boutique\/wp-content\/uploads\/sites\/7\/2024\/04\/soin-immortelle-des-neiges.jpg\",\"datePublished\":\"2024-07-05T16:06:02+00:00\",\"dateModified\":\"2024-07-06T11:10:06+00:00\",\"breadcrumb\":{\"@id\":\"https:\/\/www.institut-rive-droite.com\/boutique\/bons-cadeaux\/bon-cadeau-le-soin-du-visage-tradition-de-chez-mansard-1h\/#breadcrumb\"},\"inLanguage\":\"fr-FR\",\"potentialAction\":[{\"@type\":\"ReadAction\",\"target\":[\"https:\/\/www.institut-rive-droite.com\/boutique\/bons-cadeaux\/bon-cadeau-le-soin-du-visage-tradition-de-chez-mansard-1h\/\"]}]},{\"@type\":\"ImageObject\",\"inLanguage\":\"fr-FR\",\"@id\":\"https:\/\/www.institut-rive-droite.com\/boutique\/bons-cadeaux\/bon-cadeau-le-soin-du-visage-tradition-de-chez-mansard-1h\/#primaryimage\",\"url\":\"https:\/\/www.institut-rive-droite.com\/boutique\/wp-content\/uploads\/sites\/7\/2024\/04\/soin-immortelle-des-neiges.jpg\",\"contentUrl\":\"https:\/\/www.institut-rive-droite.com\/boutique\/wp-content\/uploads\/sites\/7\/2024\/04\/soin-immortelle-des-neiges.jpg\",\"width\":860,\"height\":1200,\"caption\":\"Soin immortelle des neiges\"},{\"@type\":\"BreadcrumbList\",\"@id\":\"https:\/\/www.institut-rive-droite.com\/boutique\/bons-cadeaux\/bon-cadeau-le-soin-du-visage-tradition-de-chez-mansard-1h\/#breadcrumb\",\"itemListElement\":[{\"@type\":\"ListItem\",\"position\":1,\"name\":\"Accueil\",\"item\":\"https:\/\/www.institut-rive-droite.com\/boutique\/\"},{\"@type\":\"ListItem\",\"position\":2,\"name\":\"Produits\",\"item\":\"https:\/\/www.institut-rive-droite.com\/boutique\/shop\/\"},{\"@type\":\"ListItem\",\"position\":3,\"name\":\"Bon cadeau le soin du visage Tradition de chez Mansard (1h)\"}]},{\"@type\":\"WebSite\",\"@id\":\"https:\/\/www.institut-rive-droite.com\/boutique\/#website\",\"url\":\"https:\/\/www.institut-rive-droite.com\/boutique\/\",\"name\":\"Boutique en ligne de l&#039;institut rive droite\",\"description\":\"\",\"potentialAction\":[{\"@type\":\"SearchAction\",\"target\":{\"@type\":\"EntryPoint\",\"urlTemplate\":\"https:\/\/www.institut-rive-droite.com\/boutique\/?s={search_term_string}\"},\"query-input\":{\"@type\":\"PropertyValueSpecification\",\"valueRequired\":true,\"valueName\":\"search_term_string\"}}],\"inLanguage\":\"fr-FR\"}]}<\/script>\n<!-- \/ Yoast SEO plugin. -->","yoast_head_json":{"title":"Bon cadeau le soin du visage Tradition de chez Mansard (1h) - Boutique en ligne de l&#039;institut rive droite","robots":{"index":"index","follow":"follow","max-snippet":"max-snippet:-1","max-image-preview":"max-image-preview:large","max-video-preview":"max-video-preview:-1"},"canonical":"https:\/\/www.institut-rive-droite.com\/boutique\/bons-cadeaux\/bon-cadeau-le-soin-du-visage-tradition-de-chez-mansard-1h\/","og_locale":"fr_FR","og_type":"article","og_title":"Bon cadeau le soin du visage Tradition de chez Mansard (1h) - Boutique en ligne de l&#039;institut rive droite","og_description":"Le soin du visage \u00ab Tradition\u00ab \u00a0des Laboratoires Mansard sont adapt\u00e9s \u00e0 tous les types de peaux. Ce soin est 100% manuel et comprend : - un d\u00e9maquillage (on enl\u00e8ve les impuret\u00e9s ext\u00e9rieurs) - un gommage (en fonction de votre type de peau) - un modelage du visage et du d\u00e9collet\u00e9 - un masque (adapt\u00e9 \u00e0 votre type de peau du moment) Pendant la pose du masque, nous restons en cabine et effectuons un massage du cuir chevelu pour encore plus de d\u00e9tente !!  R\u00e9sultat du soin   Corrige les signes de l'\u00e2ge  Hydrate durablement  Augmente la luminosit\u00e9 du teint  Pr\u00e9voir 60 minutes","og_url":"https:\/\/www.institut-rive-droite.com\/boutique\/bons-cadeaux\/bon-cadeau-le-soin-du-visage-tradition-de-chez-mansard-1h\/","og_site_name":"Boutique en ligne de l&#039;institut rive droite","article_modified_time":"2024-07-06T11:10:06+00:00","og_image":[{"width":860,"height":1200,"url":"https:\/\/www.institut-rive-droite.com\/boutique\/wp-content\/uploads\/sites\/7\/2024\/04\/soin-immortelle-des-neiges.jpg","type":"image\/jpeg"}],"twitter_card":"summary_large_image","twitter_misc":{"Dur\u00e9e de lecture estim\u00e9e":"2 minutes"},"schema":{"@context":"https:\/\/schema.org","@graph":[{"@type":"WebPage","@id":"https:\/\/www.institut-rive-droite.com\/boutique\/bons-cadeaux\/bon-cadeau-le-soin-du-visage-tradition-de-chez-mansard-1h\/","url":"https:\/\/www.institut-rive-droite.com\/boutique\/bons-cadeaux\/bon-cadeau-le-soin-du-visage-tradition-de-chez-mansard-1h\/","name":"Bon cadeau le soin du visage Tradition de chez Mansard (1h) - Boutique en ligne de l&#039;institut rive droite","isPartOf":{"@id":"https:\/\/www.institut-rive-droite.com\/boutique\/#website"},"primaryImageOfPage":{"@id":"https:\/\/www.institut-rive-droite.com\/boutique\/bons-cadeaux\/bon-cadeau-le-soin-du-visage-tradition-de-chez-mansard-1h\/#primaryimage"},"image":{"@id":"https:\/\/www.institut-rive-droite.com\/boutique\/bons-cadeaux\/bon-cadeau-le-soin-du-visage-tradition-de-chez-mansard-1h\/#primaryimage"},"thumbnailUrl":"https:\/\/www.institut-rive-droite.com\/boutique\/wp-content\/uploads\/sites\/7\/2024\/04\/soin-immortelle-des-neiges.jpg","datePublished":"2024-07-05T16:06:02+00:00","dateModified":"2024-07-06T11:10:06+00:00","breadcrumb":{"@id":"https:\/\/www.institut-rive-droite.com\/boutique\/bons-cadeaux\/bon-cadeau-le-soin-du-visage-tradition-de-chez-mansard-1h\/#breadcrumb"},"inLanguage":"fr-FR","potentialAction":[{"@type":"ReadAction","target":["https:\/\/www.institut-rive-droite.com\/boutique\/bons-cadeaux\/bon-cadeau-le-soin-du-visage-tradition-de-chez-mansard-1h\/"]}]},{"@type":"ImageObject","inLanguage":"fr-FR","@id":"https:\/\/www.institut-rive-droite.com\/boutique\/bons-cadeaux\/bon-cadeau-le-soin-du-visage-tradition-de-chez-mansard-1h\/#primaryimage","url":"https:\/\/www.institut-rive-droite.com\/boutique\/wp-content\/uploads\/sites\/7\/2024\/04\/soin-immortelle-des-neiges.jpg","contentUrl":"https:\/\/www.institut-rive-droite.com\/boutique\/wp-content\/uploads\/sites\/7\/2024\/04\/soin-immortelle-des-neiges.jpg","width":860,"height":1200,"caption":"Soin immortelle des neiges"},{"@type":"BreadcrumbList","@id":"https:\/\/www.institut-rive-droite.com\/boutique\/bons-cadeaux\/bon-cadeau-le-soin-du-visage-tradition-de-chez-mansard-1h\/#breadcrumb","itemListElement":[{"@type":"ListItem","position":1,"name":"Accueil","item":"https:\/\/www.institut-rive-droite.com\/boutique\/"},{"@type":"ListItem","position":2,"name":"Produits","item":"https:\/\/www.institut-rive-droite.com\/boutique\/shop\/"},{"@type":"ListItem","position":3,"name":"Bon cadeau le soin du visage Tradition de chez Mansard (1h)"}]},{"@type":"WebSite","@id":"https:\/\/www.institut-rive-droite.com\/boutique\/#website","url":"https:\/\/www.institut-rive-droite.com\/boutique\/","name":"Boutique en ligne de l&#039;institut rive droite","description":"","potentialAction":[{"@type":"SearchAction","target":{"@type":"EntryPoint","urlTemplate":"https:\/\/www.institut-rive-droite.com\/boutique\/?s={search_term_string}"},"query-input":{"@type":"PropertyValueSpecification","valueRequired":true,"valueName":"search_term_string"}}],"inLanguage":"fr-FR"}]}},"_links":{"self":[{"href":"https:\/\/www.institut-rive-droite.com\/boutique\/wp-json\/wp\/v2\/product\/691","targetHints":{"allow":["GET"]}}],"collection":[{"href":"https:\/\/www.institut-rive-droite.com\/boutique\/wp-json\/wp\/v2\/product"}],"about":[{"href":"https:\/\/www.institut-rive-droite.com\/boutique\/wp-json\/wp\/v2\/types\/product"}],"wp:featuredmedia":[{"embeddable":true,"href":"https:\/\/www.institut-rive-droite.com\/boutique\/wp-json\/wp\/v2\/media\/617"}],"wp:attachment":[{"href":"https:\/\/www.institut-rive-droite.com\/boutique\/wp-json\/wp\/v2\/media?parent=691"}],"wp:term":[{"taxonomy":"product_brand","embeddable":true,"href":"https:\/\/www.institut-rive-droite.com\/boutique\/wp-json\/wp\/v2\/product_brand?post=691"},{"taxonomy":"product_cat","embeddable":true,"href":"https:\/\/www.institut-rive-droite.com\/boutique\/wp-json\/wp\/v2\/product_cat?post=691"},{"taxonomy":"product_tag","embeddable":true,"href":"https:\/\/www.institut-rive-droite.com\/boutique\/wp-json\/wp\/v2\/product_tag?post=691"}],"curies":[{"name":"wp","href":"https:\/\/api.w.org\/{rel}","templated":true}]}}