{"id":630,"date":"2024-04-02T14:58:25","date_gmt":"2024-04-02T12:58:25","guid":{"rendered":"https:\/\/www.institut-rive-droite.com\/boutique\/?post_type=product&#038;p=630"},"modified":"2025-09-19T17:55:40","modified_gmt":"2025-09-19T15:55:40","slug":"bon-cadeau-le-soin-du-corps-mansard-echappee-dans-la-taiga-de-siberie-1h30-spa-urbain","status":"publish","type":"product","link":"https:\/\/www.institut-rive-droite.com\/boutique\/bons-cadeaux\/bon-cadeau-le-soin-du-corps-mansard-echappee-dans-la-taiga-de-siberie-1h30-spa-urbain\/","title":{"rendered":"Bon cadeau le soin du corps Mansard \u00ab\u00a0\u00c9chapp\u00e9e dans la ta\u00efga de Sib\u00e9rie\u00a0\u00bb 1h30"},"content":{"rendered":"<p>[et_pb_section fb_built=\u00a0\u00bb1&Prime; custom_padding_last_edited=\u00a0\u00bbon|phone\u00a0\u00bb _builder_version=\u00a0\u00bb4.27.4&Prime; background_color=\u00a0\u00bbRGBA(255,255,255,0)\u00a0\u00bb width_tablet=\u00a0\u00bb80%\u00a0\u00bb width_phone=\u00a0\u00bb80%\u00a0\u00bb width_last_edited=\u00a0\u00bbon|tablet\u00a0\u00bb module_alignment=\u00a0\u00bbcenter\u00a0\u00bb custom_padding=\u00a0\u00bb0px||||false|false\u00a0\u00bb custom_padding_tablet=\u00a0\u00bb||||false|true\u00a0\u00bb custom_padding_phone=\u00a0\u00bb0px||||false|true\u00a0\u00bb global_colors_info=\u00a0\u00bb{}\u00a0\u00bb][et_pb_row _builder_version=\u00a0\u00bb4.16&Prime; background_size=\u00a0\u00bbinitial\u00a0\u00bb background_position=\u00a0\u00bbtop_left\u00a0\u00bb background_repeat=\u00a0\u00bbrepeat\u00a0\u00bb width=\u00a0\u00bb100%\u00a0\u00bb custom_padding=\u00a0\u00bb0px||0px||false|false\u00a0\u00bb global_colors_info=\u00a0\u00bb{}\u00a0\u00bb][et_pb_column type=\u00a0\u00bb4_4&Prime; _builder_version=\u00a0\u00bb4.16&Prime; custom_padding=\u00a0\u00bb|||\u00a0\u00bb global_colors_info=\u00a0\u00bb{}\u00a0\u00bb custom_padding__hover=\u00a0\u00bb|||\u00a0\u00bb][et_pb_wc_breadcrumb _builder_version=\u00a0\u00bb4.16&Prime; global_colors_info=\u00a0\u00bb{}\u00a0\u00bb][\/et_pb_wc_breadcrumb][et_pb_wc_cart_notice _builder_version=\u00a0\u00bb4.16&Prime; global_colors_info=\u00a0\u00bb{}\u00a0\u00bb][\/et_pb_wc_cart_notice][\/et_pb_column][\/et_pb_row][et_pb_row column_structure=\u00a0\u00bb1_2,1_2&Prime; _builder_version=\u00a0\u00bb4.16&Prime; background_size=\u00a0\u00bbinitial\u00a0\u00bb background_position=\u00a0\u00bbtop_left\u00a0\u00bb background_repeat=\u00a0\u00bbrepeat\u00a0\u00bb width=\u00a0\u00bb100%\u00a0\u00bb custom_padding=\u00a0\u00bb0px||||false|false\u00a0\u00bb global_colors_info=\u00a0\u00bb{}\u00a0\u00bb][et_pb_column type=\u00a0\u00bb1_2&Prime; _builder_version=\u00a0\u00bb4.16&Prime; custom_padding=\u00a0\u00bb|||\u00a0\u00bb global_colors_info=\u00a0\u00bb{}\u00a0\u00bb custom_padding__hover=\u00a0\u00bb|||\u00a0\u00bb][et_pb_wc_images _builder_version=\u00a0\u00bb4.16&Prime; global_colors_info=\u00a0\u00bb{}\u00a0\u00bb][\/et_pb_wc_images][\/et_pb_column][et_pb_column type=\u00a0\u00bb1_2&Prime; _builder_version=\u00a0\u00bb4.16&Prime; custom_padding=\u00a0\u00bb|||\u00a0\u00bb global_colors_info=\u00a0\u00bb{}\u00a0\u00bb custom_padding__hover=\u00a0\u00bb|||\u00a0\u00bb][et_pb_wc_title _builder_version=\u00a0\u00bb4.27.4&Prime; custom_padding=\u00a0\u00bb||||false|false\u00a0\u00bb custom_padding_tablet=\u00a0\u00bb||||false|true\u00a0\u00bb custom_padding_phone=\u00a0\u00bb|0px|||false|false\u00a0\u00bb custom_padding_last_edited=\u00a0\u00bbon|tablet\u00a0\u00bb global_colors_info=\u00a0\u00bb{}\u00a0\u00bb][\/et_pb_wc_title][et_pb_wc_rating _builder_version=\u00a0\u00bb4.16&Prime; global_colors_info=\u00a0\u00bb{}\u00a0\u00bb][\/et_pb_wc_rating][et_pb_wc_price _builder_version=\u00a0\u00bb4.27.4&Prime; custom_padding=\u00a0\u00bb|15px||15px|false|true\u00a0\u00bb custom_padding_tablet=\u00a0\u00bb|0px||0px|false|true\u00a0\u00bb custom_padding_phone=\u00a0\u00bb|0px||0px|false|true\u00a0\u00bb custom_padding_last_edited=\u00a0\u00bbon|phone\u00a0\u00bb global_colors_info=\u00a0\u00bb{}\u00a0\u00bb][\/et_pb_wc_price][et_pb_wc_description _builder_version=\u00a0\u00bb4.27.4&Prime; custom_padding_tablet=\u00a0\u00bb||||false|true\u00a0\u00bb custom_padding_phone=\u00a0\u00bb|0px||0px|false|true\u00a0\u00bb custom_padding_last_edited=\u00a0\u00bbon|tablet\u00a0\u00bb global_colors_info=\u00a0\u00bb{}\u00a0\u00bb][\/et_pb_wc_description][et_pb_wc_add_to_cart _builder_version=\u00a0\u00bb4.27.4&Prime; custom_padding_tablet=\u00a0\u00bb|15px||15px|false|true\u00a0\u00bb custom_padding_phone=\u00a0\u00bb|0px||0px|false|true\u00a0\u00bb custom_padding_last_edited=\u00a0\u00bbon|tablet\u00a0\u00bb global_colors_info=\u00a0\u00bb{}\u00a0\u00bb][\/et_pb_wc_add_to_cart][et_pb_wc_meta _builder_version=\u00a0\u00bb4.27.4&Prime; custom_padding_tablet=\u00a0\u00bb||||false|true\u00a0\u00bb custom_padding_phone=\u00a0\u00bb|0px||0px|false|true\u00a0\u00bb custom_padding_last_edited=\u00a0\u00bbon|tablet\u00a0\u00bb global_colors_info=\u00a0\u00bb{}\u00a0\u00bb][\/et_pb_wc_meta][\/et_pb_column][\/et_pb_row][et_pb_row custom_padding_last_edited=\u00a0\u00bbon|tablet\u00a0\u00bb _builder_version=\u00a0\u00bb4.27.4&Prime; background_size=\u00a0\u00bbinitial\u00a0\u00bb background_position=\u00a0\u00bbtop_left\u00a0\u00bb background_repeat=\u00a0\u00bbrepeat\u00a0\u00bb width=\u00a0\u00bb100%\u00a0\u00bb custom_margin=\u00a0\u00bb40px||||false|false\u00a0\u00bb custom_padding_tablet=\u00a0\u00bb||||false|true\u00a0\u00bb custom_padding_phone=\u00a0\u00bb|0px||0px|false|true\u00a0\u00bb global_colors_info=\u00a0\u00bb{}\u00a0\u00bb][et_pb_column type=\u00a0\u00bb4_4&Prime; _builder_version=\u00a0\u00bb4.16&Prime; custom_padding=\u00a0\u00bb|||\u00a0\u00bb global_colors_info=\u00a0\u00bb{}\u00a0\u00bb custom_padding__hover=\u00a0\u00bb|||\u00a0\u00bb][et_pb_wc_upsells _builder_version=\u00a0\u00bb4.16&Prime; global_colors_info=\u00a0\u00bb{}\u00a0\u00bb][\/et_pb_wc_upsells][et_pb_wc_related_products _builder_version=\u00a0\u00bb4.27.4&Prime; product_title_font_size=\u00a0\u00bb16px\u00a0\u00bb global_colors_info=\u00a0\u00bb{}\u00a0\u00bb][\/et_pb_wc_related_products][\/et_pb_column][\/et_pb_row][\/et_pb_section][et_pb_section fb_built=\u00a0\u00bb1&Prime; custom_padding_last_edited=\u00a0\u00bbon|tablet\u00a0\u00bb admin_label=\u00a0\u00bbCall to Action\u00a0\u00bb _builder_version=\u00a0\u00bb4.24.2&Prime; background_color=\u00a0\u00bb#f8f5f3&Prime; background_image=\u00a0\u00bbhttps:\/\/www.institut-rive-droite.com\/boutique\/wp-content\/uploads\/sites\/7\/2024\/02\/bol-creme-soins.jpg\u00a0\u00bb background_size=\u00a0\u00bbcontain\u00a0\u00bb width=\u00a0\u00bb100%\u00a0\u00bb max_width=\u00a0\u00bb100%\u00a0\u00bb min_height=\u00a0\u00bb100vh\u00a0\u00bb min_height_tablet=\u00a0\u00bb45vh\u00a0\u00bb min_height_phone=\u00a0\u00bb45vh\u00a0\u00bb min_height_last_edited=\u00a0\u00bbon|phone\u00a0\u00bb overflow-x=\u00a0\u00bbhidden\u00a0\u00bb overflow-y=\u00a0\u00bbhidden\u00a0\u00bb custom_margin_tablet=\u00a0\u00bb\u00a0\u00bb custom_margin_phone=\u00a0\u00bb\u00a0\u00bb custom_margin_last_edited=\u00a0\u00bbon|tablet\u00a0\u00bb custom_padding=\u00a0\u00bb||3px||false|false\u00a0\u00bb custom_padding_tablet=\u00a0\u00bb0px||||false|false\u00a0\u00bb custom_padding_phone=\u00a0\u00bb0px||||false|false\u00a0\u00bb animation_style=\u00a0\u00bbfade\u00a0\u00bb animation_direction=\u00a0\u00bbright\u00a0\u00bb global_colors_info=\u00a0\u00bb{}\u00a0\u00bb][et_pb_row _builder_version=\u00a0\u00bb4.16&Prime; global_colors_info=\u00a0\u00bb{}\u00a0\u00bb][et_pb_column type=\u00a0\u00bb4_4&Prime; _builder_version=\u00a0\u00bb4.16&Prime; global_colors_info=\u00a0\u00bb{}\u00a0\u00bb][et_pb_button button_url=\u00a0\u00bbhttps:\/\/www.institut-rive-droite.com\u00a0\u00bb button_text=\u00a0\u00bbVisiter le site de l&rsquo;institut\u00a0\u00bb button_alignment=\u00a0\u00bbcenter\u00a0\u00bb _builder_version=\u00a0\u00bb4.24.2&Prime; custom_button=\u00a0\u00bbon\u00a0\u00bb button_text_size=\u00a0\u00bb15px\u00a0\u00bb button_text_color=\u00a0\u00bb#FFFFFF\u00a0\u00bb button_bg_color=\u00a0\u00bb#963f88&Prime; button_bg_color_gradient_direction=\u00a0\u00bb160deg\u00a0\u00bb button_border_width=\u00a0\u00bb0px\u00a0\u00bb button_border_color=\u00a0\u00bbrgba(0,0,0,0)\u00a0\u00bb button_border_radius=\u00a0\u00bb100px\u00a0\u00bb button_letter_spacing=\u00a0\u00bb2px\u00a0\u00bb button_font=\u00a0\u00bbAbel|700||on|||||\u00a0\u00bb button_use_icon=\u00a0\u00bboff\u00a0\u00bb custom_margin=\u00a0\u00bb||-50px||false|false\u00a0\u00bb custom_padding=\u00a0\u00bb24px|24px|24px|24px|true|true\u00a0\u00bb box_shadow_vertical_last_edited=\u00a0\u00bboff|desktop\u00a0\u00bb locked=\u00a0\u00bboff\u00a0\u00bb global_colors_info=\u00a0\u00bb{}\u00a0\u00bb box_shadow_color__hover=\u00a0\u00bb#2585b2&Prime; box_shadow_blur__hover_enabled=\u00a0\u00bbon\u00a0\u00bb box_shadow_blur__hover=\u00a0\u00bb40px\u00a0\u00bb box_shadow_vertical__hover_enabled=\u00a0\u00bbon\u00a0\u00bb box_shadow_vertical__hover=\u00a0\u00bb20px\u00a0\u00bb][\/et_pb_button][\/et_pb_column][\/et_pb_row][\/et_pb_section]<\/p>\n","protected":false},"excerpt":{"rendered":"<p>D\u00e9couvrez l&rsquo;immensit\u00e9 d&rsquo;une for\u00eat \u00e0 perte de vue par les laboratoires Mansard.<br \/>\nMajestueuse et remplie de myst\u00e8re, la ta\u00efga de Sib\u00e9rie d\u00e9voile l&rsquo;un de ses tr\u00e9sors les plus pr\u00e9cieux : la canneberge.<br \/>\nGorg\u00e9e d&rsquo;antioxydant, cette baie poss\u00e8de le pouvoir de tonifier notre corps.<br \/>\nAssoci\u00e9e aux algues rouges, la peau devient plus ferme et plus tonique.<br \/>\nLe d\u00e9roul\u00e9 de ce rituel \u00ab\u00a0SPA Urbain\u00a0\u00bb se distingue par un gommage enveloppant, enivrant&#8230;L&rsquo;enveloppement que l&rsquo;on propose ensuite est juste une continuit\u00e9 olfactive o\u00f9 pendant 20 \u00e0 30 min vous \u00eates d\u00e9tendus, rel\u00e2chez. Pour finir, un massage d\u00e9couverte vous sera propos\u00e9, massage que vous pouvez prolonger en prenant \u00ab\u00a0L&rsquo;instant d&rsquo;un moment\u00a0\u00bb de 30 min.<br \/>\nIl ne reste plus qu&rsquo;\u00e0 cliquer, pour pouvoir bient\u00f4t vous \u00e9chapper \ud83d\ude09 <\/p>\n<p style=\"margin-bottom: 10px;\"><strong>Soin post natale<\/strong><\/p>\n<p><strong style=\"color: #963f88;\">R\u00e9sultat du soin<\/strong><\/p>\n<ul class=\"liste-papillon\">\n<li>Raffermissant<\/li>\n<li>Tonifiant<\/li>\n<li>Anti-\u00e2ge<\/li>\n<\/ul>\n","protected":false},"featured_media":1020,"template":"","meta":{"_et_pb_use_builder":"on","_et_pb_old_content":"","_et_gb_content_width":""},"product_brand":[],"product_cat":[23,24],"product_tag":[],"class_list":{"0":"post-630","1":"product","2":"type-product","3":"status-publish","4":"has-post-thumbnail","6":"product_cat-bons-cadeaux","7":"product_cat-soins-du-corps","9":"first","10":"instock","11":"shipping-taxable","12":"purchasable","13":"product-type-simple"},"yoast_head":"<!-- This site is optimized with the Yoast SEO plugin v27.2 - https:\/\/yoast.com\/product\/yoast-seo-wordpress\/ -->\n<title>soin corps raffermissant antioxydant SPA Urbain<\/title>\n<meta name=\"description\" content=\"Gorg\u00e9e d&#039;antioxydants, cette baie poss\u00e8de le pouvoir de tonifier notre corps. Associ\u00e9e aux algues rouges, la peau devient plus ferme et plus tonique.\" \/>\n<meta name=\"robots\" content=\"index, follow, max-snippet:-1, max-image-preview:large, max-video-preview:-1\" \/>\n<link rel=\"canonical\" href=\"https:\/\/www.institut-rive-droite.com\/boutique\/bons-cadeaux\/bon-cadeau-le-soin-du-corps-mansard-echappee-dans-la-taiga-de-siberie-1h30-spa-urbain\/\" \/>\n<meta property=\"og:locale\" content=\"fr_FR\" \/>\n<meta property=\"og:type\" content=\"article\" \/>\n<meta property=\"og:title\" content=\"soin corps raffermissant antioxydant SPA Urbain\" \/>\n<meta property=\"og:description\" content=\"Gorg\u00e9e d&#039;antioxydants, cette baie poss\u00e8de le pouvoir de tonifier notre corps. Associ\u00e9e aux algues rouges, la peau devient plus ferme et plus tonique.\" \/>\n<meta property=\"og:url\" content=\"https:\/\/www.institut-rive-droite.com\/boutique\/bons-cadeaux\/bon-cadeau-le-soin-du-corps-mansard-echappee-dans-la-taiga-de-siberie-1h30-spa-urbain\/\" \/>\n<meta property=\"og:site_name\" content=\"Boutique en ligne de l&#039;institut rive droite\" \/>\n<meta property=\"article:modified_time\" content=\"2025-09-19T15:55:40+00:00\" \/>\n<meta property=\"og:image\" content=\"https:\/\/www.institut-rive-droite.com\/boutique\/wp-content\/uploads\/sites\/7\/2024\/04\/Soin-Mansard-Siberie.jpg\" \/>\n\t<meta property=\"og:image:width\" content=\"699\" \/>\n\t<meta property=\"og:image:height\" content=\"898\" \/>\n\t<meta property=\"og:image:type\" content=\"image\/jpeg\" \/>\n<meta name=\"twitter:card\" content=\"summary_large_image\" \/>\n<meta name=\"twitter:label1\" content=\"Dur\u00e9e de lecture estim\u00e9e\" \/>\n\t<meta name=\"twitter:data1\" content=\"2 minutes\" \/>\n<script type=\"application\/ld+json\" class=\"yoast-schema-graph\">{\"@context\":\"https:\/\/schema.org\",\"@graph\":[{\"@type\":\"WebPage\",\"@id\":\"https:\/\/www.institut-rive-droite.com\/boutique\/bons-cadeaux\/bon-cadeau-le-soin-du-corps-mansard-echappee-dans-la-taiga-de-siberie-1h30-spa-urbain\/\",\"url\":\"https:\/\/www.institut-rive-droite.com\/boutique\/bons-cadeaux\/bon-cadeau-le-soin-du-corps-mansard-echappee-dans-la-taiga-de-siberie-1h30-spa-urbain\/\",\"name\":\"soin corps raffermissant antioxydant SPA Urbain\",\"isPartOf\":{\"@id\":\"https:\/\/www.institut-rive-droite.com\/boutique\/#website\"},\"primaryImageOfPage\":{\"@id\":\"https:\/\/www.institut-rive-droite.com\/boutique\/bons-cadeaux\/bon-cadeau-le-soin-du-corps-mansard-echappee-dans-la-taiga-de-siberie-1h30-spa-urbain\/#primaryimage\"},\"image\":{\"@id\":\"https:\/\/www.institut-rive-droite.com\/boutique\/bons-cadeaux\/bon-cadeau-le-soin-du-corps-mansard-echappee-dans-la-taiga-de-siberie-1h30-spa-urbain\/#primaryimage\"},\"thumbnailUrl\":\"https:\/\/www.institut-rive-droite.com\/boutique\/wp-content\/uploads\/sites\/7\/2024\/04\/Soin-Mansard-Siberie.jpg\",\"datePublished\":\"2024-04-02T12:58:25+00:00\",\"dateModified\":\"2025-09-19T15:55:40+00:00\",\"description\":\"Gorg\u00e9e d'antioxydants, cette baie poss\u00e8de le pouvoir de tonifier notre corps. Associ\u00e9e aux algues rouges, la peau devient plus ferme et plus tonique.\",\"breadcrumb\":{\"@id\":\"https:\/\/www.institut-rive-droite.com\/boutique\/bons-cadeaux\/bon-cadeau-le-soin-du-corps-mansard-echappee-dans-la-taiga-de-siberie-1h30-spa-urbain\/#breadcrumb\"},\"inLanguage\":\"fr-FR\",\"potentialAction\":[{\"@type\":\"ReadAction\",\"target\":[\"https:\/\/www.institut-rive-droite.com\/boutique\/bons-cadeaux\/bon-cadeau-le-soin-du-corps-mansard-echappee-dans-la-taiga-de-siberie-1h30-spa-urbain\/\"]}]},{\"@type\":\"ImageObject\",\"inLanguage\":\"fr-FR\",\"@id\":\"https:\/\/www.institut-rive-droite.com\/boutique\/bons-cadeaux\/bon-cadeau-le-soin-du-corps-mansard-echappee-dans-la-taiga-de-siberie-1h30-spa-urbain\/#primaryimage\",\"url\":\"https:\/\/www.institut-rive-droite.com\/boutique\/wp-content\/uploads\/sites\/7\/2024\/04\/Soin-Mansard-Siberie.jpg\",\"contentUrl\":\"https:\/\/www.institut-rive-droite.com\/boutique\/wp-content\/uploads\/sites\/7\/2024\/04\/Soin-Mansard-Siberie.jpg\",\"width\":699,\"height\":898},{\"@type\":\"BreadcrumbList\",\"@id\":\"https:\/\/www.institut-rive-droite.com\/boutique\/bons-cadeaux\/bon-cadeau-le-soin-du-corps-mansard-echappee-dans-la-taiga-de-siberie-1h30-spa-urbain\/#breadcrumb\",\"itemListElement\":[{\"@type\":\"ListItem\",\"position\":1,\"name\":\"Accueil\",\"item\":\"https:\/\/www.institut-rive-droite.com\/boutique\/\"},{\"@type\":\"ListItem\",\"position\":2,\"name\":\"Produits\",\"item\":\"https:\/\/www.institut-rive-droite.com\/boutique\/shop\/\"},{\"@type\":\"ListItem\",\"position\":3,\"name\":\"Bon cadeau le soin du corps Mansard \u00ab\u00a0\u00c9chapp\u00e9e dans la ta\u00efga de Sib\u00e9rie\u00a0\u00bb 1h30\"}]},{\"@type\":\"WebSite\",\"@id\":\"https:\/\/www.institut-rive-droite.com\/boutique\/#website\",\"url\":\"https:\/\/www.institut-rive-droite.com\/boutique\/\",\"name\":\"Boutique en ligne de l&#039;institut rive droite\",\"description\":\"\",\"potentialAction\":[{\"@type\":\"SearchAction\",\"target\":{\"@type\":\"EntryPoint\",\"urlTemplate\":\"https:\/\/www.institut-rive-droite.com\/boutique\/?s={search_term_string}\"},\"query-input\":{\"@type\":\"PropertyValueSpecification\",\"valueRequired\":true,\"valueName\":\"search_term_string\"}}],\"inLanguage\":\"fr-FR\"}]}<\/script>\n<!-- \/ Yoast SEO plugin. -->","yoast_head_json":{"title":"soin corps raffermissant antioxydant SPA Urbain","description":"Gorg\u00e9e d'antioxydants, cette baie poss\u00e8de le pouvoir de tonifier notre corps. Associ\u00e9e aux algues rouges, la peau devient plus ferme et plus tonique.","robots":{"index":"index","follow":"follow","max-snippet":"max-snippet:-1","max-image-preview":"max-image-preview:large","max-video-preview":"max-video-preview:-1"},"canonical":"https:\/\/www.institut-rive-droite.com\/boutique\/bons-cadeaux\/bon-cadeau-le-soin-du-corps-mansard-echappee-dans-la-taiga-de-siberie-1h30-spa-urbain\/","og_locale":"fr_FR","og_type":"article","og_title":"soin corps raffermissant antioxydant SPA Urbain","og_description":"Gorg\u00e9e d'antioxydants, cette baie poss\u00e8de le pouvoir de tonifier notre corps. Associ\u00e9e aux algues rouges, la peau devient plus ferme et plus tonique.","og_url":"https:\/\/www.institut-rive-droite.com\/boutique\/bons-cadeaux\/bon-cadeau-le-soin-du-corps-mansard-echappee-dans-la-taiga-de-siberie-1h30-spa-urbain\/","og_site_name":"Boutique en ligne de l&#039;institut rive droite","article_modified_time":"2025-09-19T15:55:40+00:00","og_image":[{"width":699,"height":898,"url":"https:\/\/www.institut-rive-droite.com\/boutique\/wp-content\/uploads\/sites\/7\/2024\/04\/Soin-Mansard-Siberie.jpg","type":"image\/jpeg"}],"twitter_card":"summary_large_image","twitter_misc":{"Dur\u00e9e de lecture estim\u00e9e":"2 minutes"},"schema":{"@context":"https:\/\/schema.org","@graph":[{"@type":"WebPage","@id":"https:\/\/www.institut-rive-droite.com\/boutique\/bons-cadeaux\/bon-cadeau-le-soin-du-corps-mansard-echappee-dans-la-taiga-de-siberie-1h30-spa-urbain\/","url":"https:\/\/www.institut-rive-droite.com\/boutique\/bons-cadeaux\/bon-cadeau-le-soin-du-corps-mansard-echappee-dans-la-taiga-de-siberie-1h30-spa-urbain\/","name":"soin corps raffermissant antioxydant SPA Urbain","isPartOf":{"@id":"https:\/\/www.institut-rive-droite.com\/boutique\/#website"},"primaryImageOfPage":{"@id":"https:\/\/www.institut-rive-droite.com\/boutique\/bons-cadeaux\/bon-cadeau-le-soin-du-corps-mansard-echappee-dans-la-taiga-de-siberie-1h30-spa-urbain\/#primaryimage"},"image":{"@id":"https:\/\/www.institut-rive-droite.com\/boutique\/bons-cadeaux\/bon-cadeau-le-soin-du-corps-mansard-echappee-dans-la-taiga-de-siberie-1h30-spa-urbain\/#primaryimage"},"thumbnailUrl":"https:\/\/www.institut-rive-droite.com\/boutique\/wp-content\/uploads\/sites\/7\/2024\/04\/Soin-Mansard-Siberie.jpg","datePublished":"2024-04-02T12:58:25+00:00","dateModified":"2025-09-19T15:55:40+00:00","description":"Gorg\u00e9e d'antioxydants, cette baie poss\u00e8de le pouvoir de tonifier notre corps. Associ\u00e9e aux algues rouges, la peau devient plus ferme et plus tonique.","breadcrumb":{"@id":"https:\/\/www.institut-rive-droite.com\/boutique\/bons-cadeaux\/bon-cadeau-le-soin-du-corps-mansard-echappee-dans-la-taiga-de-siberie-1h30-spa-urbain\/#breadcrumb"},"inLanguage":"fr-FR","potentialAction":[{"@type":"ReadAction","target":["https:\/\/www.institut-rive-droite.com\/boutique\/bons-cadeaux\/bon-cadeau-le-soin-du-corps-mansard-echappee-dans-la-taiga-de-siberie-1h30-spa-urbain\/"]}]},{"@type":"ImageObject","inLanguage":"fr-FR","@id":"https:\/\/www.institut-rive-droite.com\/boutique\/bons-cadeaux\/bon-cadeau-le-soin-du-corps-mansard-echappee-dans-la-taiga-de-siberie-1h30-spa-urbain\/#primaryimage","url":"https:\/\/www.institut-rive-droite.com\/boutique\/wp-content\/uploads\/sites\/7\/2024\/04\/Soin-Mansard-Siberie.jpg","contentUrl":"https:\/\/www.institut-rive-droite.com\/boutique\/wp-content\/uploads\/sites\/7\/2024\/04\/Soin-Mansard-Siberie.jpg","width":699,"height":898},{"@type":"BreadcrumbList","@id":"https:\/\/www.institut-rive-droite.com\/boutique\/bons-cadeaux\/bon-cadeau-le-soin-du-corps-mansard-echappee-dans-la-taiga-de-siberie-1h30-spa-urbain\/#breadcrumb","itemListElement":[{"@type":"ListItem","position":1,"name":"Accueil","item":"https:\/\/www.institut-rive-droite.com\/boutique\/"},{"@type":"ListItem","position":2,"name":"Produits","item":"https:\/\/www.institut-rive-droite.com\/boutique\/shop\/"},{"@type":"ListItem","position":3,"name":"Bon cadeau le soin du corps Mansard \u00ab\u00a0\u00c9chapp\u00e9e dans la ta\u00efga de Sib\u00e9rie\u00a0\u00bb 1h30"}]},{"@type":"WebSite","@id":"https:\/\/www.institut-rive-droite.com\/boutique\/#website","url":"https:\/\/www.institut-rive-droite.com\/boutique\/","name":"Boutique en ligne de l&#039;institut rive droite","description":"","potentialAction":[{"@type":"SearchAction","target":{"@type":"EntryPoint","urlTemplate":"https:\/\/www.institut-rive-droite.com\/boutique\/?s={search_term_string}"},"query-input":{"@type":"PropertyValueSpecification","valueRequired":true,"valueName":"search_term_string"}}],"inLanguage":"fr-FR"}]}},"_links":{"self":[{"href":"https:\/\/www.institut-rive-droite.com\/boutique\/wp-json\/wp\/v2\/product\/630","targetHints":{"allow":["GET"]}}],"collection":[{"href":"https:\/\/www.institut-rive-droite.com\/boutique\/wp-json\/wp\/v2\/product"}],"about":[{"href":"https:\/\/www.institut-rive-droite.com\/boutique\/wp-json\/wp\/v2\/types\/product"}],"wp:featuredmedia":[{"embeddable":true,"href":"https:\/\/www.institut-rive-droite.com\/boutique\/wp-json\/wp\/v2\/media\/1020"}],"wp:attachment":[{"href":"https:\/\/www.institut-rive-droite.com\/boutique\/wp-json\/wp\/v2\/media?parent=630"}],"wp:term":[{"taxonomy":"product_brand","embeddable":true,"href":"https:\/\/www.institut-rive-droite.com\/boutique\/wp-json\/wp\/v2\/product_brand?post=630"},{"taxonomy":"product_cat","embeddable":true,"href":"https:\/\/www.institut-rive-droite.com\/boutique\/wp-json\/wp\/v2\/product_cat?post=630"},{"taxonomy":"product_tag","embeddable":true,"href":"https:\/\/www.institut-rive-droite.com\/boutique\/wp-json\/wp\/v2\/product_tag?post=630"}],"curies":[{"name":"wp","href":"https:\/\/api.w.org\/{rel}","templated":true}]}}