{"id":623,"date":"2024-04-02T14:35:25","date_gmt":"2024-04-02T12:35:25","guid":{"rendered":"https:\/\/www.institut-rive-droite.com\/boutique\/?post_type=product&#038;p=623"},"modified":"2025-06-20T18:17:58","modified_gmt":"2025-06-20T16:17:58","slug":"bon-cadeau-le-soin-du-visage-les-tituels-expert-anti-age-45-minutes","status":"publish","type":"product","link":"https:\/\/www.institut-rive-droite.com\/boutique\/bons-cadeaux\/bon-cadeau-le-soin-du-visage-les-tituels-expert-anti-age-45-minutes\/","title":{"rendered":"Bon cadeau Le soin d&rsquo;exception Mansard Bio Visage 60 minutes"},"content":{"rendered":"<p>[et_pb_section fb_built=\u00a0\u00bb1&Prime; _builder_version=\u00a0\u00bb4.27.4&Prime; background_color=\u00a0\u00bbRGBA(255,255,255,0)\u00a0\u00bb width_tablet=\u00a0\u00bb80%\u00a0\u00bb width_phone=\u00a0\u00bb80%\u00a0\u00bb width_last_edited=\u00a0\u00bbon|tablet\u00a0\u00bb module_alignment=\u00a0\u00bbcenter\u00a0\u00bb custom_padding=\u00a0\u00bb0px||||false|false\u00a0\u00bb global_colors_info=\u00a0\u00bb{}\u00a0\u00bb][et_pb_row _builder_version=\u00a0\u00bb4.16&Prime; background_size=\u00a0\u00bbinitial\u00a0\u00bb background_position=\u00a0\u00bbtop_left\u00a0\u00bb background_repeat=\u00a0\u00bbrepeat\u00a0\u00bb width=\u00a0\u00bb100%\u00a0\u00bb custom_padding=\u00a0\u00bb0px||0px||false|false\u00a0\u00bb global_colors_info=\u00a0\u00bb{}\u00a0\u00bb][et_pb_column type=\u00a0\u00bb4_4&Prime; _builder_version=\u00a0\u00bb4.16&Prime; custom_padding=\u00a0\u00bb|||\u00a0\u00bb global_colors_info=\u00a0\u00bb{}\u00a0\u00bb custom_padding__hover=\u00a0\u00bb|||\u00a0\u00bb][et_pb_wc_breadcrumb _builder_version=\u00a0\u00bb4.16&Prime; global_colors_info=\u00a0\u00bb{}\u00a0\u00bb][\/et_pb_wc_breadcrumb][et_pb_wc_cart_notice _builder_version=\u00a0\u00bb4.16&Prime; global_colors_info=\u00a0\u00bb{}\u00a0\u00bb][\/et_pb_wc_cart_notice][\/et_pb_column][\/et_pb_row][et_pb_row column_structure=\u00a0\u00bb1_2,1_2&Prime; _builder_version=\u00a0\u00bb4.16&Prime; background_size=\u00a0\u00bbinitial\u00a0\u00bb background_position=\u00a0\u00bbtop_left\u00a0\u00bb background_repeat=\u00a0\u00bbrepeat\u00a0\u00bb width=\u00a0\u00bb100%\u00a0\u00bb custom_padding=\u00a0\u00bb0px||||false|false\u00a0\u00bb global_colors_info=\u00a0\u00bb{}\u00a0\u00bb][et_pb_column type=\u00a0\u00bb1_2&Prime; _builder_version=\u00a0\u00bb4.16&Prime; custom_padding=\u00a0\u00bb|||\u00a0\u00bb global_colors_info=\u00a0\u00bb{}\u00a0\u00bb custom_padding__hover=\u00a0\u00bb|||\u00a0\u00bb][et_pb_wc_images _builder_version=\u00a0\u00bb4.16&Prime; global_colors_info=\u00a0\u00bb{}\u00a0\u00bb][\/et_pb_wc_images][\/et_pb_column][et_pb_column type=\u00a0\u00bb1_2&Prime; _builder_version=\u00a0\u00bb4.16&Prime; custom_padding=\u00a0\u00bb|||\u00a0\u00bb global_colors_info=\u00a0\u00bb{}\u00a0\u00bb custom_padding__hover=\u00a0\u00bb|||\u00a0\u00bb][et_pb_wc_title _builder_version=\u00a0\u00bb4.16&Prime; global_colors_info=\u00a0\u00bb{}\u00a0\u00bb][\/et_pb_wc_title][et_pb_wc_rating _builder_version=\u00a0\u00bb4.16&Prime; global_colors_info=\u00a0\u00bb{}\u00a0\u00bb][\/et_pb_wc_rating][et_pb_wc_price _builder_version=\u00a0\u00bb4.16&Prime; global_colors_info=\u00a0\u00bb{}\u00a0\u00bb][\/et_pb_wc_price][et_pb_wc_description _builder_version=\u00a0\u00bb4.16&Prime; global_colors_info=\u00a0\u00bb{}\u00a0\u00bb][\/et_pb_wc_description][et_pb_wc_add_to_cart _builder_version=\u00a0\u00bb4.16&Prime; global_colors_info=\u00a0\u00bb{}\u00a0\u00bb][\/et_pb_wc_add_to_cart][et_pb_wc_meta _builder_version=\u00a0\u00bb4.16&Prime; global_colors_info=\u00a0\u00bb{}\u00a0\u00bb][\/et_pb_wc_meta][\/et_pb_column][\/et_pb_row][et_pb_row _builder_version=\u00a0\u00bb4.24.2&Prime; background_size=\u00a0\u00bbinitial\u00a0\u00bb background_position=\u00a0\u00bbtop_left\u00a0\u00bb background_repeat=\u00a0\u00bbrepeat\u00a0\u00bb width=\u00a0\u00bb100%\u00a0\u00bb custom_margin=\u00a0\u00bb40px||||false|false\u00a0\u00bb global_colors_info=\u00a0\u00bb{}\u00a0\u00bb][et_pb_column type=\u00a0\u00bb4_4&Prime; _builder_version=\u00a0\u00bb4.16&Prime; custom_padding=\u00a0\u00bb|||\u00a0\u00bb global_colors_info=\u00a0\u00bb{}\u00a0\u00bb custom_padding__hover=\u00a0\u00bb|||\u00a0\u00bb][et_pb_wc_upsells _builder_version=\u00a0\u00bb4.16&Prime; global_colors_info=\u00a0\u00bb{}\u00a0\u00bb][\/et_pb_wc_upsells][et_pb_wc_related_products _builder_version=\u00a0\u00bb4.24.2&Prime; product_title_font_size=\u00a0\u00bb16px\u00a0\u00bb global_colors_info=\u00a0\u00bb{}\u00a0\u00bb][\/et_pb_wc_related_products][\/et_pb_column][\/et_pb_row][\/et_pb_section][et_pb_section fb_built=\u00a0\u00bb1&Prime; custom_padding_last_edited=\u00a0\u00bbon|tablet\u00a0\u00bb admin_label=\u00a0\u00bbCall to Action\u00a0\u00bb _builder_version=\u00a0\u00bb4.24.2&Prime; background_color=\u00a0\u00bb#f8f5f3&Prime; background_image=\u00a0\u00bbhttps:\/\/www.institut-rive-droite.com\/boutique\/wp-content\/uploads\/sites\/7\/2024\/02\/bol-creme-soins.jpg\u00a0\u00bb background_size=\u00a0\u00bbcontain\u00a0\u00bb width=\u00a0\u00bb100%\u00a0\u00bb max_width=\u00a0\u00bb100%\u00a0\u00bb min_height=\u00a0\u00bb100vh\u00a0\u00bb min_height_tablet=\u00a0\u00bb45vh\u00a0\u00bb min_height_phone=\u00a0\u00bb45vh\u00a0\u00bb min_height_last_edited=\u00a0\u00bbon|phone\u00a0\u00bb overflow-x=\u00a0\u00bbhidden\u00a0\u00bb overflow-y=\u00a0\u00bbhidden\u00a0\u00bb custom_margin_tablet=\u00a0\u00bb\u00a0\u00bb custom_margin_phone=\u00a0\u00bb\u00a0\u00bb custom_margin_last_edited=\u00a0\u00bbon|tablet\u00a0\u00bb custom_padding=\u00a0\u00bb||3px||false|false\u00a0\u00bb custom_padding_tablet=\u00a0\u00bb0px||||false|false\u00a0\u00bb custom_padding_phone=\u00a0\u00bb0px||||false|false\u00a0\u00bb animation_style=\u00a0\u00bbfade\u00a0\u00bb animation_direction=\u00a0\u00bbright\u00a0\u00bb global_colors_info=\u00a0\u00bb{}\u00a0\u00bb][et_pb_row _builder_version=\u00a0\u00bb4.16&Prime; global_colors_info=\u00a0\u00bb{}\u00a0\u00bb][et_pb_column type=\u00a0\u00bb4_4&Prime; _builder_version=\u00a0\u00bb4.16&Prime; global_colors_info=\u00a0\u00bb{}\u00a0\u00bb][et_pb_button button_url=\u00a0\u00bbhttps:\/\/www.institut-rive-droite.com\u00a0\u00bb button_text=\u00a0\u00bbVisiter le site de l&rsquo;institut\u00a0\u00bb button_alignment=\u00a0\u00bbcenter\u00a0\u00bb _builder_version=\u00a0\u00bb4.24.2&Prime; custom_button=\u00a0\u00bbon\u00a0\u00bb button_text_size=\u00a0\u00bb15px\u00a0\u00bb button_text_color=\u00a0\u00bb#FFFFFF\u00a0\u00bb button_bg_color=\u00a0\u00bb#963f88&Prime; button_bg_color_gradient_direction=\u00a0\u00bb160deg\u00a0\u00bb button_border_width=\u00a0\u00bb0px\u00a0\u00bb button_border_color=\u00a0\u00bbrgba(0,0,0,0)\u00a0\u00bb button_border_radius=\u00a0\u00bb100px\u00a0\u00bb button_letter_spacing=\u00a0\u00bb2px\u00a0\u00bb button_font=\u00a0\u00bbAbel|700||on|||||\u00a0\u00bb button_use_icon=\u00a0\u00bboff\u00a0\u00bb custom_margin=\u00a0\u00bb||-50px||false|false\u00a0\u00bb custom_padding=\u00a0\u00bb24px|24px|24px|24px|true|true\u00a0\u00bb box_shadow_vertical_last_edited=\u00a0\u00bboff|desktop\u00a0\u00bb locked=\u00a0\u00bboff\u00a0\u00bb global_colors_info=\u00a0\u00bb{}\u00a0\u00bb box_shadow_color__hover=\u00a0\u00bb#2585b2&Prime; box_shadow_blur__hover_enabled=\u00a0\u00bbon\u00a0\u00bb box_shadow_blur__hover=\u00a0\u00bb40px\u00a0\u00bb box_shadow_vertical__hover_enabled=\u00a0\u00bbon\u00a0\u00bb box_shadow_vertical__hover=\u00a0\u00bb20px\u00a0\u00bb][\/et_pb_button][\/et_pb_column][\/et_pb_row][\/et_pb_section]<\/p>\n","protected":false},"excerpt":{"rendered":"<p>Le soin Bio Visage est un soin d\u2019exception, il est l&rsquo;association de technologies novatrices et du pouvoir des plantes pour des r\u00e9sultats visibles et durables.<br \/>\nPar les laboratoires Mansard.<br \/>\nCe soin est adapt\u00e9 pour les hommes (vous pouvez garder votre pilosit\u00e9!), pour les femmes et les femmes enceinte.<\/p>\n<p style=\"margin-bottom: 5px;\"><strong style=\"color: #963f88;\">R\u00e9sultat du soin<\/strong><\/p>\n<ul class=\"liste-papillon\">\n<li>Diminution des rides et des ridules<\/li>\n<li>Augmentation de la fermet\u00e9 et de la tonicit\u00e9<\/li>\n<li>\u00c9claircissement des cernes<\/li>\n<li>D\u00e9toxification profonde de la peau<\/li>\n<li>Diminution des boutons<\/li>\n<li>Att\u00e9nuation des boutons<\/li>\n<li>\u00c9clat du teint<\/li>\n<li>Diminution des rougeurs<\/li>\n<li>Am\u00e9lioration du grain de peau<\/li>\n<li>Pr\u00e9voir 60 minutes<\/li>\n<\/ul>\n","protected":false},"featured_media":624,"template":"","meta":{"_et_pb_use_builder":"on","_et_pb_old_content":"","_et_gb_content_width":""},"product_brand":[],"product_cat":[23,25],"product_tag":[],"class_list":{"0":"post-623","1":"product","2":"type-product","3":"status-publish","4":"has-post-thumbnail","6":"product_cat-bons-cadeaux","7":"product_cat-soins-du-visage","9":"first","10":"instock","11":"shipping-taxable","12":"purchasable","13":"product-type-simple"},"yoast_head":"<!-- This site is optimized with the Yoast SEO plugin v27.2 - https:\/\/yoast.com\/product\/yoast-seo-wordpress\/ -->\n<title>Bon cadeau Le soin d&#039;exception Mansard Bio Visage 60 minutes - Boutique en ligne de l&#039;institut rive droite<\/title>\n<meta name=\"robots\" content=\"index, follow, max-snippet:-1, max-image-preview:large, max-video-preview:-1\" \/>\n<link rel=\"canonical\" href=\"https:\/\/www.institut-rive-droite.com\/boutique\/bons-cadeaux\/bon-cadeau-le-soin-du-visage-les-tituels-expert-anti-age-45-minutes\/\" \/>\n<meta property=\"og:locale\" content=\"fr_FR\" \/>\n<meta property=\"og:type\" content=\"article\" \/>\n<meta property=\"og:title\" content=\"Bon cadeau Le soin d&#039;exception Mansard Bio Visage 60 minutes - Boutique en ligne de l&#039;institut rive droite\" \/>\n<meta property=\"og:description\" content=\"Le soin Bio Visage est un soin d\u2019exception, il est l&#039;association de technologies novatrices et du pouvoir des plantes pour des r\u00e9sultats visibles et durables. Par les laboratoires Mansard. Ce soin est adapt\u00e9 pour les hommes (vous pouvez garder votre pilosit\u00e9!), pour les femmes et les femmes enceinte. R\u00e9sultat du soin    Diminution des rides et des ridules  Augmentation de la fermet\u00e9 et de la tonicit\u00e9  \u00c9claircissement des cernes  D\u00e9toxification profonde de la peau  Diminution des boutons  Att\u00e9nuation des boutons  \u00c9clat du teint  Diminution des rougeurs  Am\u00e9lioration du grain de peau  Pr\u00e9voir 60 minutes\" \/>\n<meta property=\"og:url\" content=\"https:\/\/www.institut-rive-droite.com\/boutique\/bons-cadeaux\/bon-cadeau-le-soin-du-visage-les-tituels-expert-anti-age-45-minutes\/\" \/>\n<meta property=\"og:site_name\" content=\"Boutique en ligne de l&#039;institut rive droite\" \/>\n<meta property=\"article:modified_time\" content=\"2025-06-20T16:17:58+00:00\" \/>\n<meta property=\"og:image\" content=\"https:\/\/www.institut-rive-droite.com\/boutique\/wp-content\/uploads\/sites\/7\/2024\/04\/soin-bio-visage.jpg\" \/>\n\t<meta property=\"og:image:width\" content=\"678\" \/>\n\t<meta property=\"og:image:height\" content=\"960\" \/>\n\t<meta property=\"og:image:type\" content=\"image\/jpeg\" \/>\n<meta name=\"twitter:card\" content=\"summary_large_image\" \/>\n<meta name=\"twitter:label1\" content=\"Dur\u00e9e de lecture estim\u00e9e\" \/>\n\t<meta name=\"twitter:data1\" content=\"2 minutes\" \/>\n<script type=\"application\/ld+json\" class=\"yoast-schema-graph\">{\"@context\":\"https:\/\/schema.org\",\"@graph\":[{\"@type\":\"WebPage\",\"@id\":\"https:\/\/www.institut-rive-droite.com\/boutique\/bons-cadeaux\/bon-cadeau-le-soin-du-visage-les-tituels-expert-anti-age-45-minutes\/\",\"url\":\"https:\/\/www.institut-rive-droite.com\/boutique\/bons-cadeaux\/bon-cadeau-le-soin-du-visage-les-tituels-expert-anti-age-45-minutes\/\",\"name\":\"Bon cadeau Le soin d'exception Mansard Bio Visage 60 minutes - Boutique en ligne de l&#039;institut rive droite\",\"isPartOf\":{\"@id\":\"https:\/\/www.institut-rive-droite.com\/boutique\/#website\"},\"primaryImageOfPage\":{\"@id\":\"https:\/\/www.institut-rive-droite.com\/boutique\/bons-cadeaux\/bon-cadeau-le-soin-du-visage-les-tituels-expert-anti-age-45-minutes\/#primaryimage\"},\"image\":{\"@id\":\"https:\/\/www.institut-rive-droite.com\/boutique\/bons-cadeaux\/bon-cadeau-le-soin-du-visage-les-tituels-expert-anti-age-45-minutes\/#primaryimage\"},\"thumbnailUrl\":\"https:\/\/www.institut-rive-droite.com\/boutique\/wp-content\/uploads\/sites\/7\/2024\/04\/soin-bio-visage.jpg\",\"datePublished\":\"2024-04-02T12:35:25+00:00\",\"dateModified\":\"2025-06-20T16:17:58+00:00\",\"breadcrumb\":{\"@id\":\"https:\/\/www.institut-rive-droite.com\/boutique\/bons-cadeaux\/bon-cadeau-le-soin-du-visage-les-tituels-expert-anti-age-45-minutes\/#breadcrumb\"},\"inLanguage\":\"fr-FR\",\"potentialAction\":[{\"@type\":\"ReadAction\",\"target\":[\"https:\/\/www.institut-rive-droite.com\/boutique\/bons-cadeaux\/bon-cadeau-le-soin-du-visage-les-tituels-expert-anti-age-45-minutes\/\"]}]},{\"@type\":\"ImageObject\",\"inLanguage\":\"fr-FR\",\"@id\":\"https:\/\/www.institut-rive-droite.com\/boutique\/bons-cadeaux\/bon-cadeau-le-soin-du-visage-les-tituels-expert-anti-age-45-minutes\/#primaryimage\",\"url\":\"https:\/\/www.institut-rive-droite.com\/boutique\/wp-content\/uploads\/sites\/7\/2024\/04\/soin-bio-visage.jpg\",\"contentUrl\":\"https:\/\/www.institut-rive-droite.com\/boutique\/wp-content\/uploads\/sites\/7\/2024\/04\/soin-bio-visage.jpg\",\"width\":678,\"height\":960,\"caption\":\"Soin bio visage\"},{\"@type\":\"BreadcrumbList\",\"@id\":\"https:\/\/www.institut-rive-droite.com\/boutique\/bons-cadeaux\/bon-cadeau-le-soin-du-visage-les-tituels-expert-anti-age-45-minutes\/#breadcrumb\",\"itemListElement\":[{\"@type\":\"ListItem\",\"position\":1,\"name\":\"Accueil\",\"item\":\"https:\/\/www.institut-rive-droite.com\/boutique\/\"},{\"@type\":\"ListItem\",\"position\":2,\"name\":\"Produits\",\"item\":\"https:\/\/www.institut-rive-droite.com\/boutique\/shop\/\"},{\"@type\":\"ListItem\",\"position\":3,\"name\":\"Bon cadeau Le soin d&rsquo;exception Mansard Bio Visage 60 minutes\"}]},{\"@type\":\"WebSite\",\"@id\":\"https:\/\/www.institut-rive-droite.com\/boutique\/#website\",\"url\":\"https:\/\/www.institut-rive-droite.com\/boutique\/\",\"name\":\"Boutique en ligne de l&#039;institut rive droite\",\"description\":\"\",\"potentialAction\":[{\"@type\":\"SearchAction\",\"target\":{\"@type\":\"EntryPoint\",\"urlTemplate\":\"https:\/\/www.institut-rive-droite.com\/boutique\/?s={search_term_string}\"},\"query-input\":{\"@type\":\"PropertyValueSpecification\",\"valueRequired\":true,\"valueName\":\"search_term_string\"}}],\"inLanguage\":\"fr-FR\"}]}<\/script>\n<!-- \/ Yoast SEO plugin. -->","yoast_head_json":{"title":"Bon cadeau Le soin d'exception Mansard Bio Visage 60 minutes - Boutique en ligne de l&#039;institut rive droite","robots":{"index":"index","follow":"follow","max-snippet":"max-snippet:-1","max-image-preview":"max-image-preview:large","max-video-preview":"max-video-preview:-1"},"canonical":"https:\/\/www.institut-rive-droite.com\/boutique\/bons-cadeaux\/bon-cadeau-le-soin-du-visage-les-tituels-expert-anti-age-45-minutes\/","og_locale":"fr_FR","og_type":"article","og_title":"Bon cadeau Le soin d'exception Mansard Bio Visage 60 minutes - Boutique en ligne de l&#039;institut rive droite","og_description":"Le soin Bio Visage est un soin d\u2019exception, il est l'association de technologies novatrices et du pouvoir des plantes pour des r\u00e9sultats visibles et durables. Par les laboratoires Mansard. Ce soin est adapt\u00e9 pour les hommes (vous pouvez garder votre pilosit\u00e9!), pour les femmes et les femmes enceinte. R\u00e9sultat du soin    Diminution des rides et des ridules  Augmentation de la fermet\u00e9 et de la tonicit\u00e9  \u00c9claircissement des cernes  D\u00e9toxification profonde de la peau  Diminution des boutons  Att\u00e9nuation des boutons  \u00c9clat du teint  Diminution des rougeurs  Am\u00e9lioration du grain de peau  Pr\u00e9voir 60 minutes","og_url":"https:\/\/www.institut-rive-droite.com\/boutique\/bons-cadeaux\/bon-cadeau-le-soin-du-visage-les-tituels-expert-anti-age-45-minutes\/","og_site_name":"Boutique en ligne de l&#039;institut rive droite","article_modified_time":"2025-06-20T16:17:58+00:00","og_image":[{"width":678,"height":960,"url":"https:\/\/www.institut-rive-droite.com\/boutique\/wp-content\/uploads\/sites\/7\/2024\/04\/soin-bio-visage.jpg","type":"image\/jpeg"}],"twitter_card":"summary_large_image","twitter_misc":{"Dur\u00e9e de lecture estim\u00e9e":"2 minutes"},"schema":{"@context":"https:\/\/schema.org","@graph":[{"@type":"WebPage","@id":"https:\/\/www.institut-rive-droite.com\/boutique\/bons-cadeaux\/bon-cadeau-le-soin-du-visage-les-tituels-expert-anti-age-45-minutes\/","url":"https:\/\/www.institut-rive-droite.com\/boutique\/bons-cadeaux\/bon-cadeau-le-soin-du-visage-les-tituels-expert-anti-age-45-minutes\/","name":"Bon cadeau Le soin d'exception Mansard Bio Visage 60 minutes - Boutique en ligne de l&#039;institut rive droite","isPartOf":{"@id":"https:\/\/www.institut-rive-droite.com\/boutique\/#website"},"primaryImageOfPage":{"@id":"https:\/\/www.institut-rive-droite.com\/boutique\/bons-cadeaux\/bon-cadeau-le-soin-du-visage-les-tituels-expert-anti-age-45-minutes\/#primaryimage"},"image":{"@id":"https:\/\/www.institut-rive-droite.com\/boutique\/bons-cadeaux\/bon-cadeau-le-soin-du-visage-les-tituels-expert-anti-age-45-minutes\/#primaryimage"},"thumbnailUrl":"https:\/\/www.institut-rive-droite.com\/boutique\/wp-content\/uploads\/sites\/7\/2024\/04\/soin-bio-visage.jpg","datePublished":"2024-04-02T12:35:25+00:00","dateModified":"2025-06-20T16:17:58+00:00","breadcrumb":{"@id":"https:\/\/www.institut-rive-droite.com\/boutique\/bons-cadeaux\/bon-cadeau-le-soin-du-visage-les-tituels-expert-anti-age-45-minutes\/#breadcrumb"},"inLanguage":"fr-FR","potentialAction":[{"@type":"ReadAction","target":["https:\/\/www.institut-rive-droite.com\/boutique\/bons-cadeaux\/bon-cadeau-le-soin-du-visage-les-tituels-expert-anti-age-45-minutes\/"]}]},{"@type":"ImageObject","inLanguage":"fr-FR","@id":"https:\/\/www.institut-rive-droite.com\/boutique\/bons-cadeaux\/bon-cadeau-le-soin-du-visage-les-tituels-expert-anti-age-45-minutes\/#primaryimage","url":"https:\/\/www.institut-rive-droite.com\/boutique\/wp-content\/uploads\/sites\/7\/2024\/04\/soin-bio-visage.jpg","contentUrl":"https:\/\/www.institut-rive-droite.com\/boutique\/wp-content\/uploads\/sites\/7\/2024\/04\/soin-bio-visage.jpg","width":678,"height":960,"caption":"Soin bio visage"},{"@type":"BreadcrumbList","@id":"https:\/\/www.institut-rive-droite.com\/boutique\/bons-cadeaux\/bon-cadeau-le-soin-du-visage-les-tituels-expert-anti-age-45-minutes\/#breadcrumb","itemListElement":[{"@type":"ListItem","position":1,"name":"Accueil","item":"https:\/\/www.institut-rive-droite.com\/boutique\/"},{"@type":"ListItem","position":2,"name":"Produits","item":"https:\/\/www.institut-rive-droite.com\/boutique\/shop\/"},{"@type":"ListItem","position":3,"name":"Bon cadeau Le soin d&rsquo;exception Mansard Bio Visage 60 minutes"}]},{"@type":"WebSite","@id":"https:\/\/www.institut-rive-droite.com\/boutique\/#website","url":"https:\/\/www.institut-rive-droite.com\/boutique\/","name":"Boutique en ligne de l&#039;institut rive droite","description":"","potentialAction":[{"@type":"SearchAction","target":{"@type":"EntryPoint","urlTemplate":"https:\/\/www.institut-rive-droite.com\/boutique\/?s={search_term_string}"},"query-input":{"@type":"PropertyValueSpecification","valueRequired":true,"valueName":"search_term_string"}}],"inLanguage":"fr-FR"}]}},"_links":{"self":[{"href":"https:\/\/www.institut-rive-droite.com\/boutique\/wp-json\/wp\/v2\/product\/623","targetHints":{"allow":["GET"]}}],"collection":[{"href":"https:\/\/www.institut-rive-droite.com\/boutique\/wp-json\/wp\/v2\/product"}],"about":[{"href":"https:\/\/www.institut-rive-droite.com\/boutique\/wp-json\/wp\/v2\/types\/product"}],"wp:featuredmedia":[{"embeddable":true,"href":"https:\/\/www.institut-rive-droite.com\/boutique\/wp-json\/wp\/v2\/media\/624"}],"wp:attachment":[{"href":"https:\/\/www.institut-rive-droite.com\/boutique\/wp-json\/wp\/v2\/media?parent=623"}],"wp:term":[{"taxonomy":"product_brand","embeddable":true,"href":"https:\/\/www.institut-rive-droite.com\/boutique\/wp-json\/wp\/v2\/product_brand?post=623"},{"taxonomy":"product_cat","embeddable":true,"href":"https:\/\/www.institut-rive-droite.com\/boutique\/wp-json\/wp\/v2\/product_cat?post=623"},{"taxonomy":"product_tag","embeddable":true,"href":"https:\/\/www.institut-rive-droite.com\/boutique\/wp-json\/wp\/v2\/product_tag?post=623"}],"curies":[{"name":"wp","href":"https:\/\/api.w.org\/{rel}","templated":true}]}}