{"id":616,"date":"2024-04-02T14:50:24","date_gmt":"2024-04-02T12:50:24","guid":{"rendered":"https:\/\/www.institut-rive-droite.com\/boutique\/?post_type=product&#038;p=616"},"modified":"2025-02-27T18:57:42","modified_gmt":"2025-02-27T17:57:42","slug":"bon-cadeau-le-soin-du-visage-mansard-expert-immortelle-des-neiges-en-edition-limitee-1h30","status":"publish","type":"product","link":"https:\/\/www.institut-rive-droite.com\/boutique\/bons-cadeaux\/bon-cadeau-le-soin-du-visage-mansard-expert-immortelle-des-neiges-en-edition-limitee-1h30\/","title":{"rendered":"Bon cadeau le soin du visage Mansard expert immortelle des neiges en \u00e9dition limit\u00e9e 1h30"},"content":{"rendered":"<p>[et_pb_section fb_built=\u00a0\u00bb1&Prime; _builder_version=\u00a0\u00bb4.27.4&Prime; background_color=\u00a0\u00bbRGBA(255,255,255,0)\u00a0\u00bb custom_padding=\u00a0\u00bb0px||||false|false\u00a0\u00bb hover_enabled=\u00a0\u00bb0&Prime; global_colors_info=\u00a0\u00bb{}\u00a0\u00bb width__hover_enabled=\u00a0\u00bboff|desktop\u00a0\u00bb width_last_edited=\u00a0\u00bbon|phone\u00a0\u00bb sticky_enabled=\u00a0\u00bb0&Prime; width_tablet=\u00a0\u00bb80%\u00a0\u00bb module_alignment=\u00a0\u00bbcenter\u00a0\u00bb width_phone=\u00a0\u00bb80%\u00a0\u00bb][et_pb_row _builder_version=\u00a0\u00bb4.16&Prime; background_size=\u00a0\u00bbinitial\u00a0\u00bb background_position=\u00a0\u00bbtop_left\u00a0\u00bb background_repeat=\u00a0\u00bbrepeat\u00a0\u00bb width=\u00a0\u00bb100%\u00a0\u00bb custom_padding=\u00a0\u00bb0px||0px||false|false\u00a0\u00bb global_colors_info=\u00a0\u00bb{}\u00a0\u00bb][et_pb_column type=\u00a0\u00bb4_4&Prime; _builder_version=\u00a0\u00bb4.16&Prime; custom_padding=\u00a0\u00bb|||\u00a0\u00bb global_colors_info=\u00a0\u00bb{}\u00a0\u00bb custom_padding__hover=\u00a0\u00bb|||\u00a0\u00bb][et_pb_wc_breadcrumb _builder_version=\u00a0\u00bb4.16&Prime; global_colors_info=\u00a0\u00bb{}\u00a0\u00bb][\/et_pb_wc_breadcrumb][et_pb_wc_cart_notice _builder_version=\u00a0\u00bb4.16&Prime; global_colors_info=\u00a0\u00bb{}\u00a0\u00bb][\/et_pb_wc_cart_notice][\/et_pb_column][\/et_pb_row][et_pb_row column_structure=\u00a0\u00bb1_2,1_2&Prime; _builder_version=\u00a0\u00bb4.16&Prime; background_size=\u00a0\u00bbinitial\u00a0\u00bb background_position=\u00a0\u00bbtop_left\u00a0\u00bb background_repeat=\u00a0\u00bbrepeat\u00a0\u00bb width=\u00a0\u00bb100%\u00a0\u00bb custom_padding=\u00a0\u00bb0px||||false|false\u00a0\u00bb global_colors_info=\u00a0\u00bb{}\u00a0\u00bb][et_pb_column type=\u00a0\u00bb1_2&Prime; _builder_version=\u00a0\u00bb4.16&Prime; custom_padding=\u00a0\u00bb|||\u00a0\u00bb global_colors_info=\u00a0\u00bb{}\u00a0\u00bb custom_padding__hover=\u00a0\u00bb|||\u00a0\u00bb][et_pb_wc_images _builder_version=\u00a0\u00bb4.16&Prime; global_colors_info=\u00a0\u00bb{}\u00a0\u00bb][\/et_pb_wc_images][\/et_pb_column][et_pb_column type=\u00a0\u00bb1_2&Prime; _builder_version=\u00a0\u00bb4.16&Prime; custom_padding=\u00a0\u00bb|||\u00a0\u00bb global_colors_info=\u00a0\u00bb{}\u00a0\u00bb custom_padding__hover=\u00a0\u00bb|||\u00a0\u00bb][et_pb_wc_title _builder_version=\u00a0\u00bb4.16&Prime; global_colors_info=\u00a0\u00bb{}\u00a0\u00bb][\/et_pb_wc_title][et_pb_wc_rating _builder_version=\u00a0\u00bb4.24.2&Prime; rating_text_color=\u00a0\u00bb#963F88&Prime; global_colors_info=\u00a0\u00bb{}\u00a0\u00bb][\/et_pb_wc_rating][et_pb_wc_price _builder_version=\u00a0\u00bb4.16&Prime; global_colors_info=\u00a0\u00bb{}\u00a0\u00bb][\/et_pb_wc_price][et_pb_wc_description _builder_version=\u00a0\u00bb4.16&Prime; global_colors_info=\u00a0\u00bb{}\u00a0\u00bb][\/et_pb_wc_description][et_pb_wc_add_to_cart _builder_version=\u00a0\u00bb4.16&Prime; global_colors_info=\u00a0\u00bb{}\u00a0\u00bb][\/et_pb_wc_add_to_cart][et_pb_wc_meta _builder_version=\u00a0\u00bb4.16&Prime; global_colors_info=\u00a0\u00bb{}\u00a0\u00bb][\/et_pb_wc_meta][\/et_pb_column][\/et_pb_row][et_pb_row _builder_version=\u00a0\u00bb4.24.2&Prime; background_size=\u00a0\u00bbinitial\u00a0\u00bb background_position=\u00a0\u00bbtop_left\u00a0\u00bb background_repeat=\u00a0\u00bbrepeat\u00a0\u00bb width=\u00a0\u00bb100%\u00a0\u00bb custom_margin=\u00a0\u00bb40px||||false|false\u00a0\u00bb global_colors_info=\u00a0\u00bb{}\u00a0\u00bb][et_pb_column type=\u00a0\u00bb4_4&Prime; _builder_version=\u00a0\u00bb4.16&Prime; custom_padding=\u00a0\u00bb|||\u00a0\u00bb global_colors_info=\u00a0\u00bb{}\u00a0\u00bb custom_padding__hover=\u00a0\u00bb|||\u00a0\u00bb][et_pb_wc_upsells _builder_version=\u00a0\u00bb4.16&Prime; global_colors_info=\u00a0\u00bb{}\u00a0\u00bb][\/et_pb_wc_upsells][et_pb_wc_related_products _builder_version=\u00a0\u00bb4.24.2&Prime; product_title_font_size=\u00a0\u00bb16px\u00a0\u00bb global_colors_info=\u00a0\u00bb{}\u00a0\u00bb][\/et_pb_wc_related_products][\/et_pb_column][\/et_pb_row][\/et_pb_section][et_pb_section fb_built=\u00a0\u00bb1&Prime; custom_padding_last_edited=\u00a0\u00bbon|tablet\u00a0\u00bb admin_label=\u00a0\u00bbCall to Action\u00a0\u00bb _builder_version=\u00a0\u00bb4.24.2&Prime; background_color=\u00a0\u00bb#f8f5f3&Prime; background_image=\u00a0\u00bbhttps:\/\/www.institut-rive-droite.com\/boutique\/wp-content\/uploads\/sites\/7\/2024\/02\/bol-creme-soins.jpg\u00a0\u00bb background_size=\u00a0\u00bbcontain\u00a0\u00bb width=\u00a0\u00bb100%\u00a0\u00bb max_width=\u00a0\u00bb100%\u00a0\u00bb min_height=\u00a0\u00bb100vh\u00a0\u00bb min_height_tablet=\u00a0\u00bb45vh\u00a0\u00bb min_height_phone=\u00a0\u00bb45vh\u00a0\u00bb min_height_last_edited=\u00a0\u00bbon|phone\u00a0\u00bb overflow-x=\u00a0\u00bbhidden\u00a0\u00bb overflow-y=\u00a0\u00bbhidden\u00a0\u00bb custom_margin_tablet=\u00a0\u00bb\u00a0\u00bb custom_margin_phone=\u00a0\u00bb\u00a0\u00bb custom_margin_last_edited=\u00a0\u00bbon|tablet\u00a0\u00bb custom_padding=\u00a0\u00bb||3px||false|false\u00a0\u00bb custom_padding_tablet=\u00a0\u00bb0px||||false|false\u00a0\u00bb custom_padding_phone=\u00a0\u00bb0px||||false|false\u00a0\u00bb animation_style=\u00a0\u00bbfade\u00a0\u00bb animation_direction=\u00a0\u00bbright\u00a0\u00bb global_colors_info=\u00a0\u00bb{}\u00a0\u00bb][et_pb_row _builder_version=\u00a0\u00bb4.16&Prime; global_colors_info=\u00a0\u00bb{}\u00a0\u00bb][et_pb_column type=\u00a0\u00bb4_4&Prime; _builder_version=\u00a0\u00bb4.16&Prime; global_colors_info=\u00a0\u00bb{}\u00a0\u00bb][et_pb_button button_url=\u00a0\u00bbhttps:\/\/www.institut-rive-droite.com\u00a0\u00bb button_text=\u00a0\u00bbVisiter le site de l&rsquo;institut\u00a0\u00bb button_alignment=\u00a0\u00bbcenter\u00a0\u00bb _builder_version=\u00a0\u00bb4.24.2&Prime; custom_button=\u00a0\u00bbon\u00a0\u00bb button_text_size=\u00a0\u00bb15px\u00a0\u00bb button_text_color=\u00a0\u00bb#FFFFFF\u00a0\u00bb button_bg_color=\u00a0\u00bb#963f88&Prime; button_bg_color_gradient_direction=\u00a0\u00bb160deg\u00a0\u00bb button_border_width=\u00a0\u00bb0px\u00a0\u00bb button_border_color=\u00a0\u00bbrgba(0,0,0,0)\u00a0\u00bb button_border_radius=\u00a0\u00bb100px\u00a0\u00bb button_letter_spacing=\u00a0\u00bb2px\u00a0\u00bb button_font=\u00a0\u00bbAbel|700||on|||||\u00a0\u00bb button_use_icon=\u00a0\u00bboff\u00a0\u00bb custom_margin=\u00a0\u00bb||-50px||false|false\u00a0\u00bb custom_padding=\u00a0\u00bb24px|24px|24px|24px|true|true\u00a0\u00bb box_shadow_vertical_last_edited=\u00a0\u00bboff|desktop\u00a0\u00bb locked=\u00a0\u00bboff\u00a0\u00bb global_colors_info=\u00a0\u00bb{}\u00a0\u00bb box_shadow_color__hover=\u00a0\u00bb#2585b2&Prime; box_shadow_blur__hover_enabled=\u00a0\u00bbon\u00a0\u00bb box_shadow_blur__hover=\u00a0\u00bb40px\u00a0\u00bb box_shadow_vertical__hover_enabled=\u00a0\u00bbon\u00a0\u00bb box_shadow_vertical__hover=\u00a0\u00bb20px\u00a0\u00bb][\/et_pb_button][\/et_pb_column][\/et_pb_row][\/et_pb_section]<\/p>\n","protected":false},"excerpt":{"rendered":"<p>Aussi rare que pr\u00e9cieuse, l&rsquo;Edelweiss est l&rsquo;essence du soin de saison 2023.<br \/>\nFleur d&rsquo;exception, elle tire sa force dans sa capacit\u00e9 de r\u00e9sistance en climat extr\u00eame.<\/p>\n<p><strong style=\"color:#963f88\">Son secret ?<\/strong><br \/>\nSa teneur en antioxydants et en acide chlorog\u00e9nique qui remin\u00e9ralisent intens\u00e9ment et ralentissent le vieillissement cellulaire.<br \/>\nDans ce soin d&rsquo;une heure, les propri\u00e9t\u00e9s dermatologiques d&rsquo;exception de l&rsquo;edelweiss sont sublim\u00e9es pour un soin adapt\u00e9 aux besoins protecteurs de la p\u00e9riode hivernale.<\/p>\n<p><strong>Un massage du dos d&rsquo;une dur\u00e9e de 30 minutes est offert avec ce soin.<\/strong><\/p>\n<p><strong style=\"color:#963f88\">R\u00e9sultat du soin<\/strong><\/p>\n<ul class=\"liste-papillon\">\n<li>Corrige les signes de l&rsquo;\u00e2ge<\/li>\n<li>Hydrate durablement<\/li>\n<li>Augmente la luminosit\u00e9 du teint<\/li>\n<li>R\u00e9duit la sensibilit\u00e9<\/li>\n<li>Pr\u00e9voir 60 minutes<\/li>\n<\/ul>\n","protected":false},"featured_media":617,"template":"","meta":{"_et_pb_use_builder":"on","_et_pb_old_content":"","_et_gb_content_width":""},"product_brand":[],"product_cat":[23,25],"product_tag":[],"class_list":{"0":"post-616","1":"product","2":"type-product","3":"status-publish","4":"has-post-thumbnail","6":"product_cat-bons-cadeaux","7":"product_cat-soins-du-visage","9":"first","10":"instock","11":"shipping-taxable","12":"purchasable","13":"product-type-simple"},"yoast_head":"<!-- This site is optimized with the Yoast SEO plugin v27.2 - https:\/\/yoast.com\/product\/yoast-seo-wordpress\/ -->\n<title>Bon cadeau le soin du visage Mansard expert immortelle des neiges en \u00e9dition limit\u00e9e 1h30 - Boutique en ligne de l&#039;institut rive droite<\/title>\n<meta name=\"robots\" content=\"index, follow, max-snippet:-1, max-image-preview:large, max-video-preview:-1\" \/>\n<link rel=\"canonical\" href=\"https:\/\/www.institut-rive-droite.com\/boutique\/bons-cadeaux\/bon-cadeau-le-soin-du-visage-mansard-expert-immortelle-des-neiges-en-edition-limitee-1h30\/\" \/>\n<meta property=\"og:locale\" content=\"fr_FR\" \/>\n<meta property=\"og:type\" content=\"article\" \/>\n<meta property=\"og:title\" content=\"Bon cadeau le soin du visage Mansard expert immortelle des neiges en \u00e9dition limit\u00e9e 1h30 - Boutique en ligne de l&#039;institut rive droite\" \/>\n<meta property=\"og:description\" content=\"Aussi rare que pr\u00e9cieuse, l&#039;Edelweiss est l&#039;essence du soin de saison 2023. Fleur d&#039;exception, elle tire sa force dans sa capacit\u00e9 de r\u00e9sistance en climat extr\u00eame.  Son secret ? Sa teneur en antioxydants et en acide chlorog\u00e9nique qui remin\u00e9ralisent intens\u00e9ment et ralentissent le vieillissement cellulaire. Dans ce soin d&#039;une heure, les propri\u00e9t\u00e9s dermatologiques d&#039;exception de l&#039;edelweiss sont sublim\u00e9es pour un soin adapt\u00e9 aux besoins protecteurs de la p\u00e9riode hivernale.  Un massage du dos d&#039;une dur\u00e9e de 30 minutes est offert avec ce soin.  R\u00e9sultat du soin   Corrige les signes de l&#039;\u00e2ge  Hydrate durablement  Augmente la luminosit\u00e9 du teint  R\u00e9duit la sensibilit\u00e9  Pr\u00e9voir 60 minutes\" \/>\n<meta property=\"og:url\" content=\"https:\/\/www.institut-rive-droite.com\/boutique\/bons-cadeaux\/bon-cadeau-le-soin-du-visage-mansard-expert-immortelle-des-neiges-en-edition-limitee-1h30\/\" \/>\n<meta property=\"og:site_name\" content=\"Boutique en ligne de l&#039;institut rive droite\" \/>\n<meta property=\"article:modified_time\" content=\"2025-02-27T17:57:42+00:00\" \/>\n<meta property=\"og:image\" content=\"https:\/\/www.institut-rive-droite.com\/boutique\/wp-content\/uploads\/sites\/7\/2024\/04\/soin-immortelle-des-neiges.jpg\" \/>\n\t<meta property=\"og:image:width\" content=\"860\" \/>\n\t<meta property=\"og:image:height\" content=\"1200\" \/>\n\t<meta property=\"og:image:type\" content=\"image\/jpeg\" \/>\n<meta name=\"twitter:card\" content=\"summary_large_image\" \/>\n<meta name=\"twitter:label1\" content=\"Dur\u00e9e de lecture estim\u00e9e\" \/>\n\t<meta name=\"twitter:data1\" content=\"3 minutes\" \/>\n<script type=\"application\/ld+json\" class=\"yoast-schema-graph\">{\"@context\":\"https:\/\/schema.org\",\"@graph\":[{\"@type\":\"WebPage\",\"@id\":\"https:\/\/www.institut-rive-droite.com\/boutique\/bons-cadeaux\/bon-cadeau-le-soin-du-visage-mansard-expert-immortelle-des-neiges-en-edition-limitee-1h30\/\",\"url\":\"https:\/\/www.institut-rive-droite.com\/boutique\/bons-cadeaux\/bon-cadeau-le-soin-du-visage-mansard-expert-immortelle-des-neiges-en-edition-limitee-1h30\/\",\"name\":\"Bon cadeau le soin du visage Mansard expert immortelle des neiges en \u00e9dition limit\u00e9e 1h30 - Boutique en ligne de l&#039;institut rive droite\",\"isPartOf\":{\"@id\":\"https:\/\/www.institut-rive-droite.com\/boutique\/#website\"},\"primaryImageOfPage\":{\"@id\":\"https:\/\/www.institut-rive-droite.com\/boutique\/bons-cadeaux\/bon-cadeau-le-soin-du-visage-mansard-expert-immortelle-des-neiges-en-edition-limitee-1h30\/#primaryimage\"},\"image\":{\"@id\":\"https:\/\/www.institut-rive-droite.com\/boutique\/bons-cadeaux\/bon-cadeau-le-soin-du-visage-mansard-expert-immortelle-des-neiges-en-edition-limitee-1h30\/#primaryimage\"},\"thumbnailUrl\":\"https:\/\/www.institut-rive-droite.com\/boutique\/wp-content\/uploads\/sites\/7\/2024\/04\/soin-immortelle-des-neiges.jpg\",\"datePublished\":\"2024-04-02T12:50:24+00:00\",\"dateModified\":\"2025-02-27T17:57:42+00:00\",\"breadcrumb\":{\"@id\":\"https:\/\/www.institut-rive-droite.com\/boutique\/bons-cadeaux\/bon-cadeau-le-soin-du-visage-mansard-expert-immortelle-des-neiges-en-edition-limitee-1h30\/#breadcrumb\"},\"inLanguage\":\"fr-FR\",\"potentialAction\":[{\"@type\":\"ReadAction\",\"target\":[\"https:\/\/www.institut-rive-droite.com\/boutique\/bons-cadeaux\/bon-cadeau-le-soin-du-visage-mansard-expert-immortelle-des-neiges-en-edition-limitee-1h30\/\"]}]},{\"@type\":\"ImageObject\",\"inLanguage\":\"fr-FR\",\"@id\":\"https:\/\/www.institut-rive-droite.com\/boutique\/bons-cadeaux\/bon-cadeau-le-soin-du-visage-mansard-expert-immortelle-des-neiges-en-edition-limitee-1h30\/#primaryimage\",\"url\":\"https:\/\/www.institut-rive-droite.com\/boutique\/wp-content\/uploads\/sites\/7\/2024\/04\/soin-immortelle-des-neiges.jpg\",\"contentUrl\":\"https:\/\/www.institut-rive-droite.com\/boutique\/wp-content\/uploads\/sites\/7\/2024\/04\/soin-immortelle-des-neiges.jpg\",\"width\":860,\"height\":1200,\"caption\":\"Soin immortelle des neiges\"},{\"@type\":\"BreadcrumbList\",\"@id\":\"https:\/\/www.institut-rive-droite.com\/boutique\/bons-cadeaux\/bon-cadeau-le-soin-du-visage-mansard-expert-immortelle-des-neiges-en-edition-limitee-1h30\/#breadcrumb\",\"itemListElement\":[{\"@type\":\"ListItem\",\"position\":1,\"name\":\"Accueil\",\"item\":\"https:\/\/www.institut-rive-droite.com\/boutique\/\"},{\"@type\":\"ListItem\",\"position\":2,\"name\":\"Produits\",\"item\":\"https:\/\/www.institut-rive-droite.com\/boutique\/shop\/\"},{\"@type\":\"ListItem\",\"position\":3,\"name\":\"Bon cadeau le soin du visage Mansard expert immortelle des neiges en \u00e9dition limit\u00e9e 1h30\"}]},{\"@type\":\"WebSite\",\"@id\":\"https:\/\/www.institut-rive-droite.com\/boutique\/#website\",\"url\":\"https:\/\/www.institut-rive-droite.com\/boutique\/\",\"name\":\"Boutique en ligne de l&#039;institut rive droite\",\"description\":\"\",\"potentialAction\":[{\"@type\":\"SearchAction\",\"target\":{\"@type\":\"EntryPoint\",\"urlTemplate\":\"https:\/\/www.institut-rive-droite.com\/boutique\/?s={search_term_string}\"},\"query-input\":{\"@type\":\"PropertyValueSpecification\",\"valueRequired\":true,\"valueName\":\"search_term_string\"}}],\"inLanguage\":\"fr-FR\"}]}<\/script>\n<!-- \/ Yoast SEO plugin. -->","yoast_head_json":{"title":"Bon cadeau le soin du visage Mansard expert immortelle des neiges en \u00e9dition limit\u00e9e 1h30 - Boutique en ligne de l&#039;institut rive droite","robots":{"index":"index","follow":"follow","max-snippet":"max-snippet:-1","max-image-preview":"max-image-preview:large","max-video-preview":"max-video-preview:-1"},"canonical":"https:\/\/www.institut-rive-droite.com\/boutique\/bons-cadeaux\/bon-cadeau-le-soin-du-visage-mansard-expert-immortelle-des-neiges-en-edition-limitee-1h30\/","og_locale":"fr_FR","og_type":"article","og_title":"Bon cadeau le soin du visage Mansard expert immortelle des neiges en \u00e9dition limit\u00e9e 1h30 - Boutique en ligne de l&#039;institut rive droite","og_description":"Aussi rare que pr\u00e9cieuse, l'Edelweiss est l'essence du soin de saison 2023. Fleur d'exception, elle tire sa force dans sa capacit\u00e9 de r\u00e9sistance en climat extr\u00eame.  Son secret ? Sa teneur en antioxydants et en acide chlorog\u00e9nique qui remin\u00e9ralisent intens\u00e9ment et ralentissent le vieillissement cellulaire. Dans ce soin d'une heure, les propri\u00e9t\u00e9s dermatologiques d'exception de l'edelweiss sont sublim\u00e9es pour un soin adapt\u00e9 aux besoins protecteurs de la p\u00e9riode hivernale.  Un massage du dos d'une dur\u00e9e de 30 minutes est offert avec ce soin.  R\u00e9sultat du soin   Corrige les signes de l'\u00e2ge  Hydrate durablement  Augmente la luminosit\u00e9 du teint  R\u00e9duit la sensibilit\u00e9  Pr\u00e9voir 60 minutes","og_url":"https:\/\/www.institut-rive-droite.com\/boutique\/bons-cadeaux\/bon-cadeau-le-soin-du-visage-mansard-expert-immortelle-des-neiges-en-edition-limitee-1h30\/","og_site_name":"Boutique en ligne de l&#039;institut rive droite","article_modified_time":"2025-02-27T17:57:42+00:00","og_image":[{"width":860,"height":1200,"url":"https:\/\/www.institut-rive-droite.com\/boutique\/wp-content\/uploads\/sites\/7\/2024\/04\/soin-immortelle-des-neiges.jpg","type":"image\/jpeg"}],"twitter_card":"summary_large_image","twitter_misc":{"Dur\u00e9e de lecture estim\u00e9e":"3 minutes"},"schema":{"@context":"https:\/\/schema.org","@graph":[{"@type":"WebPage","@id":"https:\/\/www.institut-rive-droite.com\/boutique\/bons-cadeaux\/bon-cadeau-le-soin-du-visage-mansard-expert-immortelle-des-neiges-en-edition-limitee-1h30\/","url":"https:\/\/www.institut-rive-droite.com\/boutique\/bons-cadeaux\/bon-cadeau-le-soin-du-visage-mansard-expert-immortelle-des-neiges-en-edition-limitee-1h30\/","name":"Bon cadeau le soin du visage Mansard expert immortelle des neiges en \u00e9dition limit\u00e9e 1h30 - Boutique en ligne de l&#039;institut rive droite","isPartOf":{"@id":"https:\/\/www.institut-rive-droite.com\/boutique\/#website"},"primaryImageOfPage":{"@id":"https:\/\/www.institut-rive-droite.com\/boutique\/bons-cadeaux\/bon-cadeau-le-soin-du-visage-mansard-expert-immortelle-des-neiges-en-edition-limitee-1h30\/#primaryimage"},"image":{"@id":"https:\/\/www.institut-rive-droite.com\/boutique\/bons-cadeaux\/bon-cadeau-le-soin-du-visage-mansard-expert-immortelle-des-neiges-en-edition-limitee-1h30\/#primaryimage"},"thumbnailUrl":"https:\/\/www.institut-rive-droite.com\/boutique\/wp-content\/uploads\/sites\/7\/2024\/04\/soin-immortelle-des-neiges.jpg","datePublished":"2024-04-02T12:50:24+00:00","dateModified":"2025-02-27T17:57:42+00:00","breadcrumb":{"@id":"https:\/\/www.institut-rive-droite.com\/boutique\/bons-cadeaux\/bon-cadeau-le-soin-du-visage-mansard-expert-immortelle-des-neiges-en-edition-limitee-1h30\/#breadcrumb"},"inLanguage":"fr-FR","potentialAction":[{"@type":"ReadAction","target":["https:\/\/www.institut-rive-droite.com\/boutique\/bons-cadeaux\/bon-cadeau-le-soin-du-visage-mansard-expert-immortelle-des-neiges-en-edition-limitee-1h30\/"]}]},{"@type":"ImageObject","inLanguage":"fr-FR","@id":"https:\/\/www.institut-rive-droite.com\/boutique\/bons-cadeaux\/bon-cadeau-le-soin-du-visage-mansard-expert-immortelle-des-neiges-en-edition-limitee-1h30\/#primaryimage","url":"https:\/\/www.institut-rive-droite.com\/boutique\/wp-content\/uploads\/sites\/7\/2024\/04\/soin-immortelle-des-neiges.jpg","contentUrl":"https:\/\/www.institut-rive-droite.com\/boutique\/wp-content\/uploads\/sites\/7\/2024\/04\/soin-immortelle-des-neiges.jpg","width":860,"height":1200,"caption":"Soin immortelle des neiges"},{"@type":"BreadcrumbList","@id":"https:\/\/www.institut-rive-droite.com\/boutique\/bons-cadeaux\/bon-cadeau-le-soin-du-visage-mansard-expert-immortelle-des-neiges-en-edition-limitee-1h30\/#breadcrumb","itemListElement":[{"@type":"ListItem","position":1,"name":"Accueil","item":"https:\/\/www.institut-rive-droite.com\/boutique\/"},{"@type":"ListItem","position":2,"name":"Produits","item":"https:\/\/www.institut-rive-droite.com\/boutique\/shop\/"},{"@type":"ListItem","position":3,"name":"Bon cadeau le soin du visage Mansard expert immortelle des neiges en \u00e9dition limit\u00e9e 1h30"}]},{"@type":"WebSite","@id":"https:\/\/www.institut-rive-droite.com\/boutique\/#website","url":"https:\/\/www.institut-rive-droite.com\/boutique\/","name":"Boutique en ligne de l&#039;institut rive droite","description":"","potentialAction":[{"@type":"SearchAction","target":{"@type":"EntryPoint","urlTemplate":"https:\/\/www.institut-rive-droite.com\/boutique\/?s={search_term_string}"},"query-input":{"@type":"PropertyValueSpecification","valueRequired":true,"valueName":"search_term_string"}}],"inLanguage":"fr-FR"}]}},"_links":{"self":[{"href":"https:\/\/www.institut-rive-droite.com\/boutique\/wp-json\/wp\/v2\/product\/616","targetHints":{"allow":["GET"]}}],"collection":[{"href":"https:\/\/www.institut-rive-droite.com\/boutique\/wp-json\/wp\/v2\/product"}],"about":[{"href":"https:\/\/www.institut-rive-droite.com\/boutique\/wp-json\/wp\/v2\/types\/product"}],"wp:featuredmedia":[{"embeddable":true,"href":"https:\/\/www.institut-rive-droite.com\/boutique\/wp-json\/wp\/v2\/media\/617"}],"wp:attachment":[{"href":"https:\/\/www.institut-rive-droite.com\/boutique\/wp-json\/wp\/v2\/media?parent=616"}],"wp:term":[{"taxonomy":"product_brand","embeddable":true,"href":"https:\/\/www.institut-rive-droite.com\/boutique\/wp-json\/wp\/v2\/product_brand?post=616"},{"taxonomy":"product_cat","embeddable":true,"href":"https:\/\/www.institut-rive-droite.com\/boutique\/wp-json\/wp\/v2\/product_cat?post=616"},{"taxonomy":"product_tag","embeddable":true,"href":"https:\/\/www.institut-rive-droite.com\/boutique\/wp-json\/wp\/v2\/product_tag?post=616"}],"curies":[{"name":"wp","href":"https:\/\/api.w.org\/{rel}","templated":true}]}}