{"id":658,"date":"2024-05-16T16:02:09","date_gmt":"2024-05-16T14:02:09","guid":{"rendered":"https:\/\/www.institut-rive-droite.com\/boutique\/?page_id=658"},"modified":"2024-05-17T11:00:45","modified_gmt":"2024-05-17T09:00:45","slug":"mentions-legales","status":"publish","type":"page","link":"https:\/\/www.institut-rive-droite.com\/boutique\/mentions-legales\/","title":{"rendered":"Mentions l\u00e9gales"},"content":{"rendered":"<p>[et_pb_section fb_built=\u00a0\u00bb1&Prime; admin_label=\u00a0\u00bbHeader\u00a0\u00bb _builder_version=\u00a0\u00bb4.24.0&Prime; background_image=\u00a0\u00bbhttps:\/\/www.institut-rive-droite.com\/boutique\/wp-content\/uploads\/sites\/7\/2024\/03\/perfume-company.jpg\u00a0\u00bb custom_css_free_form=\u00a0\u00bbdiv.et_pb_section.et_pb_section_0 {||background-position: right top;||}\u00a0\u00bb global_colors_info=\u00a0\u00bb{}\u00a0\u00bb][et_pb_row _builder_version=\u00a0\u00bb4.24.0&Prime; global_colors_info=\u00a0\u00bb{}\u00a0\u00bb custom_padding=\u00a0\u00bb|||4px||\u00a0\u00bb][et_pb_column type=\u00a0\u00bb4_4&Prime; _builder_version=\u00a0\u00bb4.24.0&Prime; z_index=\u00a0\u00bb10&Prime; custom_padding=\u00a0\u00bb50px||50px||false|false\u00a0\u00bb custom_padding_tablet=\u00a0\u00bb0px||0px||false|false\u00a0\u00bb custom_padding_phone=\u00a0\u00bb\u00a0\u00bb custom_padding_last_edited=\u00a0\u00bbon|phone\u00a0\u00bb global_colors_info=\u00a0\u00bb{}\u00a0\u00bb][et_pb_text _builder_version=\u00a0\u00bb4.24.2&Prime; header_text_align=\u00a0\u00bbright\u00a0\u00bb header_2_font=\u00a0\u00bbAbel||||||||\u00a0\u00bb header_2_text_align=\u00a0\u00bbleft\u00a0\u00bb header_2_font_size=\u00a0\u00bb70px\u00a0\u00bb header_2_letter_spacing=\u00a0\u00bb3px\u00a0\u00bb header_2_line_height=\u00a0\u00bb1.2em\u00a0\u00bb animation_style=\u00a0\u00bbslide\u00a0\u00bb animation_direction=\u00a0\u00bbright\u00a0\u00bb animation_intensity_slide=\u00a0\u00bb5%\u00a0\u00bb hover_enabled=\u00a0\u00bb0&Prime; header_2_font_size_tablet=\u00a0\u00bb38px\u00a0\u00bb header_2_font_size_phone=\u00a0\u00bb26px\u00a0\u00bb header_2_font_size_last_edited=\u00a0\u00bbon|tablet\u00a0\u00bb header_2_letter_spacing_tablet=\u00a0\u00bb1px\u00a0\u00bb header_2_letter_spacing_phone=\u00a0\u00bb0px\u00a0\u00bb header_2_letter_spacing_last_edited=\u00a0\u00bbon|desktop\u00a0\u00bb locked=\u00a0\u00bboff\u00a0\u00bb global_colors_info=\u00a0\u00bb{}\u00a0\u00bb sticky_enabled=\u00a0\u00bb0&Prime;]<\/p>\n<h2>Mentions l\u00e9gales<\/h2>\n<p>[\/et_pb_text][et_pb_divider color=\u00a0\u00bb#963f88&Prime; divider_weight=\u00a0\u00bb2px\u00a0\u00bb _builder_version=\u00a0\u00bb4.24.0&Prime; width=\u00a0\u00bb100px\u00a0\u00bb custom_margin=\u00a0\u00bb||0px|-70px|false|false\u00a0\u00bb locked=\u00a0\u00bboff\u00a0\u00bb global_colors_info=\u00a0\u00bb{}\u00a0\u00bb theme_builder_area=\u00a0\u00bbpost_content\u00a0\u00bb][\/et_pb_divider][\/et_pb_column][\/et_pb_row][\/et_pb_section][et_pb_section fb_built=\u00a0\u00bb1&Prime; admin_label=\u00a0\u00bbServices\u00a0\u00bb _builder_version=\u00a0\u00bb4.24.0&Prime; background_color=\u00a0\u00bbRGBA(255,255,255,0)\u00a0\u00bb custom_padding=\u00a0\u00bb||120px||false|false\u00a0\u00bb global_colors_info=\u00a0\u00bb{}\u00a0\u00bb][et_pb_row use_custom_gutter=\u00a0\u00bbon\u00a0\u00bb gutter_width=\u00a0\u00bb2&Prime; _builder_version=\u00a0\u00bb4.24.2&Prime; background_color=\u00a0\u00bbRGBA(255,255,255,0)\u00a0\u00bb hover_enabled=\u00a0\u00bb0&Prime; box_shadow_style=\u00a0\u00bbpreset4&Prime; box_shadow_horizontal=\u00a0\u00bb-20vw\u00a0\u00bb box_shadow_vertical=\u00a0\u00bb0px\u00a0\u00bb box_shadow_color=\u00a0\u00bbRGBA(255,255,255,0)\u00a0\u00bb global_colors_info=\u00a0\u00bb{}\u00a0\u00bb sticky_enabled=\u00a0\u00bb0&Prime;][et_pb_column type=\u00a0\u00bb4_4&Prime; _builder_version=\u00a0\u00bb4.16&Prime; global_colors_info=\u00a0\u00bb{}\u00a0\u00bb][et_pb_text _builder_version=\u00a0\u00bb4.24.2&Prime; _module_preset=\u00a0\u00bbdefault\u00a0\u00bb header_3_font=\u00a0\u00bbAbel|700|||||||\u00a0\u00bb header_3_font_size=\u00a0\u00bb26px\u00a0\u00bb hover_enabled=\u00a0\u00bb0&Prime; global_colors_info=\u00a0\u00bb{}\u00a0\u00bb sticky_enabled=\u00a0\u00bb0&Prime; custom_css_free_form=\u00a0\u00bbh3 {||  margin-top: 40px;||}||||h3:first-child {||  margin-top: 0;||}\u00a0\u00bb]<\/p>\n<h3>Pr\u00e9sentation du site<\/h3>\n<p>En vertu de l&rsquo;article 6 de la loi n\u00b0 2004-575 du 21 juin 2004 pour la confiance dans l&rsquo;\u00e9conomie num\u00e9rique, il est pr\u00e9cis\u00e9 aux utilisateurs du site <a rel=\"nofollow noopener noreferrer\" target=\"_blank\" href=\"http:\/\/https:\/\/www.institut-rive-droite.com\/boutique\/\/\" title=\"l'institut rive droite - https:\/\/www.institut-rive-droite.com\/boutique\/\">https:\/\/www.institut-rive-droite.com\/boutique\/<\/a> l&rsquo;identit\u00e9 des diff\u00e9rents intervenants dans le cadre de sa r\u00e9alisation et de son suivi :<\/p>\n<p>Le pr\u00e9sent site est \u00e9dit\u00e9 par : l&rsquo;institut rive droite, SARL unipersonnelle ayant pour num\u00e9ro de SIRET 52210759800016 et qui est domicili\u00e9e au 14 rue Gabriel Peri 78220 Viroflay<\/p>\n<p>Responsable de la publication : Silv\u00e8re Breton, joignable par t\u00e9l\u00e9phone au 0669395751 et par email silvere.breton@yahoo.fr<\/p>\n<p>Webmaster du site: creation-webdesign, joignable par t\u00e9l\u00e9phone au 0669395751<\/p>\n<p>H\u00e9bergeur du site: OVH, qui est domicili\u00e9 2 rue Kellermann, 59100 Roubaix et joignable par t\u00e9l\u00e9phone au 1007<\/p>\n<h3>Propri\u00e9t\u00e9 intellectuelle et contrefa\u00e7ons<\/h3>\n<p>L\u2019entreprise l&rsquo;institut rive droite est propri\u00e9taire des droits de propri\u00e9t\u00e9 intellectuelle ou d\u00e9tient les droits d\u2019usage sur tous les \u00e9l\u00e9ments accessibles sur le site, notamment : les textes, les images, les graphismes, le logo, les ic\u00f4nes,\u2026<\/p>\n<p>Toute reproduction, repr\u00e9sentation, modification, publication, adaptation de tout ou partie des \u00e9l\u00e9ments du site, quel que soit le moyen ou le proc\u00e9d\u00e9 utilis\u00e9, est interdite, sauf autorisation \u00e9crite pr\u00e9alable de l\u2019entreprise l&rsquo;institut rive droite.<\/p>\n<p>Toute exploitation non autoris\u00e9e du site ou d\u2019un quelconque \u00e9l\u00e9ment qu\u2019il contient sera consid\u00e9r\u00e9e comme constitutive d\u2019une contrefa\u00e7on et poursuivie conform\u00e9ment aux dispositions des articles L.335-2 et suivants du Code de Propri\u00e9t\u00e9 Intellectuelle.<\/p>\n<h3>Cookies et traceurs<\/h3>\n<p>Le site internet <a rel=\"nofollow noopener noreferrer\" target=\"_blank\" href=\"http:\/\/https:\/\/www.institut-rive-droite.com\/boutique\/\/\" title=\"l'institut rive droite - https:\/\/www.institut-rive-droite.com\/boutique\/\">https:\/\/www.institut-rive-droite.com\/boutique\/<\/a> poss\u00e8de un syst\u00e8me de mesure d\u2019audience, ainsi qu\u2019une fonction de partage sur les r\u00e9seaux sociaux.<\/p>\n<p>En application de la directive europ\u00e9enne dite \u00ab\u00a0paquet t\u00e9l\u00e9com\u00a0\u00bb, les internautes doivent \u00eatre inform\u00e9s et donner leur consentement\u00a0pr\u00e9alablement \u00e0 l\u2019insertion de traceurs (plus couramment appel\u00e9s \u00ab\u00a0cookies\u00a0\u00bb). Les internautes doivent disposer d\u2019une possibilit\u00e9 de choisir de ne pas \u00eatre trac\u00e9s lorsqu\u2019ils visitent un site ou utilisent une application. Les \u00e9diteurs de sites internet ont donc l\u2019obligation de solliciter au pr\u00e9alable le consentement des utilisateurs.<\/p>\n<p>Le refus d\u2019installation d\u2019un cookie peut entra\u00eener l\u2019impossibilit\u00e9 d\u2019acc\u00e9der \u00e0 certains services. L\u2019internaute peut toutefois configurer son navigateur internet pour refuser l\u2019installation des cookies.<\/p>\n<h3>Mesure d\u2019audience<\/h3>\n<p>Les cookies de mesure d\u2019audience sont de petits fichiers qui permettent de conna\u00eetre et d\u2019analyser les statistiques de trafic sur le site internet : les pages visit\u00e9es, le nombre de visites, le taux de rebond, la provenance des visites,\u2026 Les cookies de mesure d\u2019audience sont totalement anonymes.<\/p>\n<p>Sur ce site, c\u2019est la solution Google Analytics qui est utilis\u00e9e pour mesurer l\u2019audience.<\/p>\n<h3>R\u00e9seaux sociaux<\/h3>\n<p>Les cookies li\u00e9s aux r\u00e9seaux sociaux sont associ\u00e9s aux boutons qui facilitent le partage des pages et articles sur les r\u00e9seaux sociaux.<\/p>\n<h3>Formulaire de contact et commentaires<\/h3>\n<p>Vous pouvez \u00eatre amen\u00e9 \u00e0 nous indiquer votre adresse e-mail lorsque vous remplissez notre formulaire de contact ou d\u00e9posez un commentaire sur l\u2019un des articles du site site <a rel=\"nofollow noopener noreferrer\" target=\"_blank\" href=\"http:\/\/https:\/\/www.institut-rive-droite.com\/boutique\/\/\" title=\"l'institut rive droite - https:\/\/www.institut-rive-droite.com\/boutique\/\">https:\/\/www.institut-rive-droite.com\/boutique\/<\/a>.<\/p>\n<p>En aucun cas, votre adresse e-mail ne sera c\u00e9d\u00e9e \u00e0 des tiers.<\/p>\n<h3>Mod\u00e9ration des commentaires<\/h3>\n<p>Le choix de validation d\u2019un commentaire sur le site <a rel=\"nofollow noopener noreferrer\" target=\"_blank\" href=\"http:\/\/https:\/\/www.institut-rive-droite.com\/boutique\/\/\" title=\"l'institut rive droite - https:\/\/www.institut-rive-droite.com\/boutique\/\">https:\/\/www.institut-rive-droite.com\/boutique\/<\/a> est laiss\u00e9 \u00e0 l\u2019enti\u00e8re appr\u00e9ciation du responsable de publication. Les commentaires peuvent \u00eatre supprim\u00e9s, modifi\u00e9s et corrig\u00e9s pour une meilleure compr\u00e9hension des visiteurs (notamment pour l\u2019orthographe).<\/p>\n<p>L\u2019internaute peut signer son commentaire de son nom ou pseudo ou nom de son entreprise. Il peut \u00e9galement renseign\u00e9 une URL dans le champ \u00ab\u00a0site web\u00a0\u00bb. Ce lien peut ne pas appara\u00eetre si il a \u00e9t\u00e9 jug\u00e9 que le commentaire n\u2019apportait pas r\u00e9ellement de plus value \u00e0 l\u2019article. Ceci, m\u00eame si le commentaire est publi\u00e9.<\/p>\n<p>Voici des exemples de cas ou un commentaire peut-\u00eatre mod\u00e9r\u00e9 ou supprim\u00e9 :<\/p>\n<ul>\n<li>Il a \u00e9t\u00e9 supprim\u00e9 par l\u2019anti-spam<\/li>\n<li>Il n\u2019apporte pas r\u00e9ellement de plus value et n\u2019est pas utile pour les internautes<\/li>\n<li>Il est truff\u00e9 de fautes d\u2019orthographe ou incompr\u00e9hensible<\/li>\n<li>Il semble \u00eatre d\u00e9pos\u00e9 uniquement dans un but auto-promotionnel<\/li>\n<li>Le mail indiqu\u00e9 est visiblement faux<\/li>\n<li>Il est jug\u00e9 diffamatoire pour un tiers<\/li>\n<\/ul>\n<h3>Newsletter<\/h3>\n<p>Vous pouvez vous abonner \u00e0 la newsletter du site. Vous recevez alors automatiquement et gratuitement des newsletters traitants les sujets du site <a rel=\"nofollow noopener noreferrer\" target=\"_blank\" href=\"http:\/\/https:\/\/www.institut-rive-droite.com\/boutique\/\/\" title=\"l'institut rive droite - https:\/\/www.institut-rive-droite.com\/boutique\/\">https:\/\/www.institut-rive-droite.com\/boutique\/<\/a>.<\/p>\n<p>Vous pouvez vous d\u00e9sinscrire \u00e0 tout moment de la newsletter\u00a0en cliquant sur le lien de d\u00e9sabonnement pr\u00e9sent en bas de chaque newsletter.<\/p>\n<p>En aucun cas, votre adresse e-mail ne sera c\u00e9d\u00e9e \u00e0 des tiers.<\/p>\n<h3>Liens hypertextes<\/h3>\n<p>Ce site internet contient un certain nombre de liens hypertextes vers d\u2019autres sites. Cependant, <a rel=\"nofollow noopener noreferrer\" target=\"_blank\" href=\"http:\/\/https:\/\/www.institut-rive-droite.com\/boutique\/\/\" title=\"l'institut rive droite - https:\/\/www.institut-rive-droite.com\/boutique\/\">https:\/\/www.institut-rive-droite.com\/boutique\/<\/a> n\u2019a pas la possibilit\u00e9 de suivre et v\u00e9rifier le contenu de ces sites, et n\u2019assumera en cons\u00e9quence aucune responsabilit\u00e9 de ce fait.<\/p>\n<h3>Flux RSS<\/h3>\n<p>Les flux RSS sont exclusivement destin\u00e9s aux visiteurs du site pour une utilisation personnelle et ne sauraient en aucun cas servir \u00e0 alimenter d\u2019autres sites, sauf autorisation \u00e9crite pr\u00e9alable de <a rel=\"nofollow noopener noreferrer\" target=\"_blank\" href=\"http:\/\/https:\/\/www.institut-rive-droite.com\/boutique\/\/\" title=\"l'institut rive droite - https:\/\/www.institut-rive-droite.com\/boutique\/\">https:\/\/www.institut-rive-droite.com\/boutique\/<\/a>.<\/p>\n<p>[\/et_pb_text][\/et_pb_column][\/et_pb_row][\/et_pb_section][et_pb_section fb_built=\u00a0\u00bb1&Prime; custom_padding_last_edited=\u00a0\u00bbon|tablet\u00a0\u00bb admin_label=\u00a0\u00bbCall to Action\u00a0\u00bb _builder_version=\u00a0\u00bb4.24.0&Prime; background_color=\u00a0\u00bb#f8f5f3&Prime; background_image=\u00a0\u00bbhttps:\/\/www.institut-rive-droite.com\/boutique\/wp-content\/uploads\/sites\/7\/2024\/02\/bol-creme-soins.jpg\u00a0\u00bb background_size=\u00a0\u00bbcontain\u00a0\u00bb width=\u00a0\u00bb100%\u00a0\u00bb max_width=\u00a0\u00bb100%\u00a0\u00bb min_height=\u00a0\u00bb100vh\u00a0\u00bb min_height_tablet=\u00a0\u00bb45vh\u00a0\u00bb min_height_phone=\u00a0\u00bb45vh\u00a0\u00bb min_height_last_edited=\u00a0\u00bbon|phone\u00a0\u00bb overflow-x=\u00a0\u00bbhidden\u00a0\u00bb overflow-y=\u00a0\u00bbhidden\u00a0\u00bb custom_margin_tablet=\u00a0\u00bb\u00a0\u00bb custom_margin_phone=\u00a0\u00bb\u00a0\u00bb custom_margin_last_edited=\u00a0\u00bbon|tablet\u00a0\u00bb custom_padding=\u00a0\u00bb||3px||false|false\u00a0\u00bb custom_padding_tablet=\u00a0\u00bb0px||||false|false\u00a0\u00bb custom_padding_phone=\u00a0\u00bb0px||||false|false\u00a0\u00bb animation_style=\u00a0\u00bbfade\u00a0\u00bb animation_direction=\u00a0\u00bbright\u00a0\u00bb global_colors_info=\u00a0\u00bb{}\u00a0\u00bb][et_pb_row _builder_version=\u00a0\u00bb4.16&Prime; global_colors_info=\u00a0\u00bb{}\u00a0\u00bb][et_pb_column type=\u00a0\u00bb4_4&Prime; _builder_version=\u00a0\u00bb4.16&Prime; global_colors_info=\u00a0\u00bb{}\u00a0\u00bb][et_pb_button button_url=\u00a0\u00bbhttps:\/\/www.institut-rive-droite.com\/boutique\/bons-cadeaux\/\u00a0\u00bb button_text=\u00a0\u00bbCommander un bon cadeau\u00a0\u00bb button_alignment=\u00a0\u00bbcenter\u00a0\u00bb _builder_version=\u00a0\u00bb4.24.0&Prime; custom_button=\u00a0\u00bbon\u00a0\u00bb button_text_size=\u00a0\u00bb15px\u00a0\u00bb button_text_color=\u00a0\u00bb#FFFFFF\u00a0\u00bb button_bg_color=\u00a0\u00bb#963f88&Prime; button_bg_color_gradient_direction=\u00a0\u00bb160deg\u00a0\u00bb button_border_width=\u00a0\u00bb0px\u00a0\u00bb button_border_color=\u00a0\u00bbrgba(0,0,0,0)\u00a0\u00bb button_border_radius=\u00a0\u00bb100px\u00a0\u00bb button_letter_spacing=\u00a0\u00bb2px\u00a0\u00bb button_font=\u00a0\u00bbAbel|700||on|||||\u00a0\u00bb button_use_icon=\u00a0\u00bboff\u00a0\u00bb custom_margin=\u00a0\u00bb||-50px||false|false\u00a0\u00bb custom_padding=\u00a0\u00bb24px|24px|24px|24px|true|true\u00a0\u00bb box_shadow_vertical_last_edited=\u00a0\u00bboff|desktop\u00a0\u00bb locked=\u00a0\u00bboff\u00a0\u00bb global_colors_info=\u00a0\u00bb{}\u00a0\u00bb box_shadow_color__hover=\u00a0\u00bb#2585b2&Prime; box_shadow_blur__hover_enabled=\u00a0\u00bbon\u00a0\u00bb box_shadow_blur__hover=\u00a0\u00bb40px\u00a0\u00bb box_shadow_vertical__hover_enabled=\u00a0\u00bbon\u00a0\u00bb box_shadow_vertical__hover=\u00a0\u00bb20px\u00a0\u00bb][\/et_pb_button][\/et_pb_column][\/et_pb_row][\/et_pb_section]<\/p>\n","protected":false},"excerpt":{"rendered":"<p>Mentions l\u00e9galesPr\u00e9sentation du site En vertu de l&rsquo;article 6 de la loi n\u00b0 2004-575 du 21 juin 2004 pour la confiance dans l&rsquo;\u00e9conomie num\u00e9rique, il est pr\u00e9cis\u00e9 aux utilisateurs du site https:\/\/www.institut-rive-droite.com\/boutique\/ l&rsquo;identit\u00e9 des diff\u00e9rents intervenants dans le cadre de sa r\u00e9alisation et de son suivi : Le pr\u00e9sent site est \u00e9dit\u00e9 par : l&rsquo;institut [&hellip;]<\/p>\n","protected":false},"author":1,"featured_media":0,"parent":0,"menu_order":0,"comment_status":"closed","ping_status":"closed","template":"","meta":{"_et_pb_use_builder":"on","_et_pb_old_content":"","_et_gb_content_width":"","footnotes":""},"class_list":["post-658","page","type-page","status-publish","hentry"],"yoast_head":"<!-- This site is optimized with the Yoast SEO plugin v27.2 - https:\/\/yoast.com\/product\/yoast-seo-wordpress\/ -->\n<title>Mentions l\u00e9gales - Boutique en ligne de l&#039;institut rive droite<\/title>\n<meta name=\"robots\" content=\"index, follow, max-snippet:-1, max-image-preview:large, max-video-preview:-1\" \/>\n<link rel=\"canonical\" href=\"https:\/\/www.institut-rive-droite.com\/boutique\/mentions-legales\/\" \/>\n<meta property=\"og:locale\" content=\"fr_FR\" \/>\n<meta property=\"og:type\" content=\"article\" \/>\n<meta property=\"og:title\" content=\"Mentions l\u00e9gales - Boutique en ligne de l&#039;institut rive droite\" \/>\n<meta property=\"og:description\" content=\"Mentions l\u00e9galesPr\u00e9sentation du site En vertu de l&#039;article 6 de la loi n\u00b0 2004-575 du 21 juin 2004 pour la confiance dans l&#039;\u00e9conomie num\u00e9rique, il est pr\u00e9cis\u00e9 aux utilisateurs du site https:\/\/www.institut-rive-droite.com\/boutique\/ l&#039;identit\u00e9 des diff\u00e9rents intervenants dans le cadre de sa r\u00e9alisation et de son suivi : Le pr\u00e9sent site est \u00e9dit\u00e9 par : l&#039;institut [&hellip;]\" \/>\n<meta property=\"og:url\" content=\"https:\/\/www.institut-rive-droite.com\/boutique\/mentions-legales\/\" \/>\n<meta property=\"og:site_name\" content=\"Boutique en ligne de l&#039;institut rive droite\" \/>\n<meta property=\"article:modified_time\" content=\"2024-05-17T09:00:45+00:00\" \/>\n<meta name=\"twitter:card\" content=\"summary_large_image\" \/>\n<meta name=\"twitter:label1\" content=\"Dur\u00e9e de lecture estim\u00e9e\" \/>\n\t<meta name=\"twitter:data1\" content=\"7 minutes\" \/>\n<script type=\"application\/ld+json\" class=\"yoast-schema-graph\">{\"@context\":\"https:\/\/schema.org\",\"@graph\":[{\"@type\":\"WebPage\",\"@id\":\"https:\/\/www.institut-rive-droite.com\/boutique\/mentions-legales\/\",\"url\":\"https:\/\/www.institut-rive-droite.com\/boutique\/mentions-legales\/\",\"name\":\"Mentions l\u00e9gales - Boutique en ligne de l&#039;institut rive droite\",\"isPartOf\":{\"@id\":\"https:\/\/www.institut-rive-droite.com\/boutique\/#website\"},\"datePublished\":\"2024-05-16T14:02:09+00:00\",\"dateModified\":\"2024-05-17T09:00:45+00:00\",\"breadcrumb\":{\"@id\":\"https:\/\/www.institut-rive-droite.com\/boutique\/mentions-legales\/#breadcrumb\"},\"inLanguage\":\"fr-FR\",\"potentialAction\":[{\"@type\":\"ReadAction\",\"target\":[\"https:\/\/www.institut-rive-droite.com\/boutique\/mentions-legales\/\"]}]},{\"@type\":\"BreadcrumbList\",\"@id\":\"https:\/\/www.institut-rive-droite.com\/boutique\/mentions-legales\/#breadcrumb\",\"itemListElement\":[{\"@type\":\"ListItem\",\"position\":1,\"name\":\"Accueil\",\"item\":\"https:\/\/www.institut-rive-droite.com\/boutique\/\"},{\"@type\":\"ListItem\",\"position\":2,\"name\":\"Mentions l\u00e9gales\"}]},{\"@type\":\"WebSite\",\"@id\":\"https:\/\/www.institut-rive-droite.com\/boutique\/#website\",\"url\":\"https:\/\/www.institut-rive-droite.com\/boutique\/\",\"name\":\"Boutique en ligne de l&#039;institut rive droite\",\"description\":\"\",\"potentialAction\":[{\"@type\":\"SearchAction\",\"target\":{\"@type\":\"EntryPoint\",\"urlTemplate\":\"https:\/\/www.institut-rive-droite.com\/boutique\/?s={search_term_string}\"},\"query-input\":{\"@type\":\"PropertyValueSpecification\",\"valueRequired\":true,\"valueName\":\"search_term_string\"}}],\"inLanguage\":\"fr-FR\"}]}<\/script>\n<!-- \/ Yoast SEO plugin. -->","yoast_head_json":{"title":"Mentions l\u00e9gales - Boutique en ligne de l&#039;institut rive droite","robots":{"index":"index","follow":"follow","max-snippet":"max-snippet:-1","max-image-preview":"max-image-preview:large","max-video-preview":"max-video-preview:-1"},"canonical":"https:\/\/www.institut-rive-droite.com\/boutique\/mentions-legales\/","og_locale":"fr_FR","og_type":"article","og_title":"Mentions l\u00e9gales - Boutique en ligne de l&#039;institut rive droite","og_description":"Mentions l\u00e9galesPr\u00e9sentation du site En vertu de l'article 6 de la loi n\u00b0 2004-575 du 21 juin 2004 pour la confiance dans l'\u00e9conomie num\u00e9rique, il est pr\u00e9cis\u00e9 aux utilisateurs du site https:\/\/www.institut-rive-droite.com\/boutique\/ l'identit\u00e9 des diff\u00e9rents intervenants dans le cadre de sa r\u00e9alisation et de son suivi : Le pr\u00e9sent site est \u00e9dit\u00e9 par : l'institut [&hellip;]","og_url":"https:\/\/www.institut-rive-droite.com\/boutique\/mentions-legales\/","og_site_name":"Boutique en ligne de l&#039;institut rive droite","article_modified_time":"2024-05-17T09:00:45+00:00","twitter_card":"summary_large_image","twitter_misc":{"Dur\u00e9e de lecture estim\u00e9e":"7 minutes"},"schema":{"@context":"https:\/\/schema.org","@graph":[{"@type":"WebPage","@id":"https:\/\/www.institut-rive-droite.com\/boutique\/mentions-legales\/","url":"https:\/\/www.institut-rive-droite.com\/boutique\/mentions-legales\/","name":"Mentions l\u00e9gales - Boutique en ligne de l&#039;institut rive droite","isPartOf":{"@id":"https:\/\/www.institut-rive-droite.com\/boutique\/#website"},"datePublished":"2024-05-16T14:02:09+00:00","dateModified":"2024-05-17T09:00:45+00:00","breadcrumb":{"@id":"https:\/\/www.institut-rive-droite.com\/boutique\/mentions-legales\/#breadcrumb"},"inLanguage":"fr-FR","potentialAction":[{"@type":"ReadAction","target":["https:\/\/www.institut-rive-droite.com\/boutique\/mentions-legales\/"]}]},{"@type":"BreadcrumbList","@id":"https:\/\/www.institut-rive-droite.com\/boutique\/mentions-legales\/#breadcrumb","itemListElement":[{"@type":"ListItem","position":1,"name":"Accueil","item":"https:\/\/www.institut-rive-droite.com\/boutique\/"},{"@type":"ListItem","position":2,"name":"Mentions l\u00e9gales"}]},{"@type":"WebSite","@id":"https:\/\/www.institut-rive-droite.com\/boutique\/#website","url":"https:\/\/www.institut-rive-droite.com\/boutique\/","name":"Boutique en ligne de l&#039;institut rive droite","description":"","potentialAction":[{"@type":"SearchAction","target":{"@type":"EntryPoint","urlTemplate":"https:\/\/www.institut-rive-droite.com\/boutique\/?s={search_term_string}"},"query-input":{"@type":"PropertyValueSpecification","valueRequired":true,"valueName":"search_term_string"}}],"inLanguage":"fr-FR"}]}},"_links":{"self":[{"href":"https:\/\/www.institut-rive-droite.com\/boutique\/wp-json\/wp\/v2\/pages\/658","targetHints":{"allow":["GET"]}}],"collection":[{"href":"https:\/\/www.institut-rive-droite.com\/boutique\/wp-json\/wp\/v2\/pages"}],"about":[{"href":"https:\/\/www.institut-rive-droite.com\/boutique\/wp-json\/wp\/v2\/types\/page"}],"author":[{"embeddable":true,"href":"https:\/\/www.institut-rive-droite.com\/boutique\/wp-json\/wp\/v2\/users\/1"}],"replies":[{"embeddable":true,"href":"https:\/\/www.institut-rive-droite.com\/boutique\/wp-json\/wp\/v2\/comments?post=658"}],"version-history":[{"count":7,"href":"https:\/\/www.institut-rive-droite.com\/boutique\/wp-json\/wp\/v2\/pages\/658\/revisions"}],"predecessor-version":[{"id":670,"href":"https:\/\/www.institut-rive-droite.com\/boutique\/wp-json\/wp\/v2\/pages\/658\/revisions\/670"}],"wp:attachment":[{"href":"https:\/\/www.institut-rive-droite.com\/boutique\/wp-json\/wp\/v2\/media?parent=658"}],"curies":[{"name":"wp","href":"https:\/\/api.w.org\/{rel}","templated":true}]}}